{"id":19018,"date":"2025-03-05T09:41:48","date_gmt":"2025-03-05T09:41:48","guid":{"rendered":"https:\/\/vis.ba\/?page_id=19018"},"modified":"2025-07-03T10:32:49","modified_gmt":"2025-07-03T10:32:49","slug":"masinska-obrada","status":"publish","type":"page","link":"https:\/\/vis.ba\/ba\/masinska-obrada\/","title":{"rendered":"Ma\u0161inska obrada"},"content":{"rendered":"\t\t<div data-elementor-type=\"wp-page\" data-elementor-id=\"19018\" class=\"elementor elementor-19018\" data-elementor-post-type=\"page\">\n\t\t\t\t<div data-particle_enable=\"false\" data-particle-mobile-disabled=\"false\" class=\"elementor-element elementor-element-b982194 e-flex e-con-boxed e-con e-parent\" data-id=\"b982194\" data-element_type=\"container\">\n\t\t\t\t\t<div class=\"e-con-inner\">\n\t\t<div data-particle_enable=\"false\" data-particle-mobile-disabled=\"false\" class=\"elementor-element elementor-element-3dbbc2d e-con-full e-flex e-con e-child\" data-id=\"3dbbc2d\" data-element_type=\"container\">\n\t\t\t\t<div class=\"elementor-element elementor-element-0db6f4f elementor-widget elementor-widget-ct_download\" data-id=\"0db6f4f\" data-element_type=\"widget\" data-widget_type=\"ct_download.default\">\n\t\t\t\t<div class=\"elementor-widget-container\">\n\t\t\t\t\t    <div class=\"ct-download layout2 box-sidebar \">\r\n                    <h3 class=\"entry-title\">\r\n                Sve djelatnosti    \r\n            <\/h3>\r\n                            <div class=\"item--download\">\r\n            \t<a href=\"https:\/\/vis.ba\/ba\/prerada-plasticnih-masa\">\r\n\t            \tPrerada plasti\u010dnih masa\t            \t\t            \t\t\t\t\t        <span class=\"ct-contact-icon\">\r\n\t\t\t                \t\t\t                \t\t\t\t        <\/span>\r\n\t\t\t\t    \t                \t            <\/a>\r\n           <\/div>\r\n                    <div class=\"item--download\">\r\n            \t<a href=\"https:\/\/vis.ba\/ba\/izrada-alata\">\r\n\t            \tIzrada alata\t            \t\t            \t\t\t\t\t        <span class=\"ct-contact-icon\">\r\n\t\t\t                \t\t\t                \t\t\t\t        <\/span>\r\n\t\t\t\t    \t                \t            <\/a>\r\n           <\/div>\r\n            <\/div>\r\n\t\t\t\t<\/div>\n\t\t\t\t<\/div>\n\t\t\t\t<\/div>\n\t\t<div data-particle_enable=\"false\" data-particle-mobile-disabled=\"false\" class=\"elementor-element elementor-element-cfc368c e-con-full e-flex e-con e-child\" data-id=\"cfc368c\" data-element_type=\"container\">\n\t\t\t\t<div class=\"elementor-element elementor-element-12c23e2 image-wfull-width elementor-widget elementor-widget-ct_image\" data-id=\"12c23e2\" data-element_type=\"widget\" data-widget_type=\"ct_image.default\">\n\t\t\t\t<div class=\"elementor-widget-container\">\n\t\t\t\t\t<div class=\"ct-image-single   \" data-width=\"\" data-height=\"\" data-wow-delay=\"ms\">\r\n            <div class=\"ct-image-single--inner\">\r\n                            <img fetchpriority=\"high\" decoding=\"async\" class=\"no-lazyload img-main \" src=\"https:\/\/vis.ba\/wp-content\/uploads\/2025\/04\/Machine-770x400.jpg\" width=\"770\" height=\"400\" alt=\"Machine\" title=\"Machine\" \/>                    <\/div>\r\n    <\/div>\t\t\t\t<\/div>\n\t\t\t\t<\/div>\n\t\t\t\t<div class=\"elementor-element elementor-element-4dc373b elementor-widget elementor-widget-ct_text_editor\" data-id=\"4dc373b\" data-element_type=\"widget\" data-widget_type=\"ct_text_editor.default\">\n\t\t\t\t<div class=\"elementor-widget-container\">\n\t\t\t\t\t<div id=\"ct_text_editor-4dc373b\" class=\"ct-text-editor \" data-wow-delay=\"ms\">\n\t<div class=\"ct-inline-css\"  data-css=\"\n        \t\t\">\n\n    <\/div>\n\t<div class=\"ct-text-editor-inner elementor-clearfix\">\n\t\t<p>VIS nudi \u0161irok spektar usluga ma\u0161inske obrade metala i plastike uklju\u010duju\u0107i precizno glodanje, struganje, bu\u0161enje, bru\u0161enje i elektroeroziju, uz dodatnu mogu\u0107nost monta\u017ee slo\u017eenih sklopova. Po sistemu od crte\u017ea do gotovih komponenti, primjenom savremenih metoda obrade, u prilici smo da izradimo najrazli\u010ditije i najslo\u017eenije ma\u0161inske pozicije. Na\u0161i proizvodni kapaciteti orjentisani su kako na pojedina\u010dnu tako i na maloserijsku proizvodnju.<\/p>\t\t\n\t<\/div>\n<\/div>\t\t\t\t<\/div>\n\t\t\t\t<\/div>\n\t\t\t\t<div class=\"elementor-element elementor-element-2ec5dc7 elementor-widget elementor-widget-ct_heading\" data-id=\"2ec5dc7\" data-element_type=\"widget\" data-widget_type=\"ct_heading.default\">\n\t\t\t\t<div class=\"elementor-widget-container\">\n\t\t\t\t\t<div id=\"ct_heading-2ec5dc7\" class=\"ct-heading h-align-left item-st-default\">\r\n    <div class=\"heading-wrapper\">\r\n        <div class=\"inner-heading\">\r\n                          \t                <h3 class=\"item--title case-animate-time st-default \" data-wow-delay=\"ms\">\r\n                    <span>Na\u0161 ma\u0161inski park:<\/span>                <\/h3>\r\n        <\/div>\r\n    <\/div>\r\n<\/div>\r\n\t\t\t\t<\/div>\n\t\t\t\t<\/div>\n\t\t\t\t<div class=\"elementor-element elementor-element-c7fddc5 elementor-widget elementor-widget-ct_list\" data-id=\"c7fddc5\" data-element_type=\"widget\" data-widget_type=\"ct_list.default\">\n\t\t\t\t<div class=\"elementor-widget-container\">\n\t\t\t\t\t    <div class=\"ct-list block\">\r\n                    <div class=\"ct-list-item \">\r\n                                    <div class=\"ct-list-icon\">\r\n                        <i aria-hidden=\"true\" class=\"fas fa-angle-right\"><\/i>                    <\/div>\r\n                            \t<div class=\"ct-list-content\">\r\n                    \t            \t  CNC obradni centri                    \t            <\/div>\r\n           <\/div>\r\n                    <div class=\"ct-list-item \">\r\n                                    <div class=\"ct-list-icon\">\r\n                        <i aria-hidden=\"true\" class=\"fas fa-angle-right\"><\/i>                    <\/div>\r\n                            \t<div class=\"ct-list-content\">\r\n                    \t            \t  CNC glodalice                    \t            <\/div>\r\n           <\/div>\r\n                    <div class=\"ct-list-item \">\r\n                                    <div class=\"ct-list-icon\">\r\n                        <i aria-hidden=\"true\" class=\"fas fa-angle-right\"><\/i>                    <\/div>\r\n                            \t<div class=\"ct-list-content\">\r\n                    \t            \t  CNC strugovi                    \t            <\/div>\r\n           <\/div>\r\n                    <div class=\"ct-list-item \">\r\n                                    <div class=\"ct-list-icon\">\r\n                        <i aria-hidden=\"true\" class=\"fas fa-angle-right\"><\/i>                    <\/div>\r\n                            \t<div class=\"ct-list-content\">\r\n                    \t            \t  klasi\u010dni strugovi                    \t            <\/div>\r\n           <\/div>\r\n                    <div class=\"ct-list-item \">\r\n                                    <div class=\"ct-list-icon\">\r\n                        <i aria-hidden=\"true\" class=\"fas fa-angle-right\"><\/i>                    <\/div>\r\n                            \t<div class=\"ct-list-content\">\r\n                    \t            \t  ma\u0161ine za ravno, kru\u017eno i koordinatno bru\u0161enje                    \t            <\/div>\r\n           <\/div>\r\n                    <div class=\"ct-list-item \">\r\n                                    <div class=\"ct-list-icon\">\r\n                        <i aria-hidden=\"true\" class=\"fas fa-angle-right\"><\/i>                    <\/div>\r\n                            \t<div class=\"ct-list-content\">\r\n                    \t            \t  erozimati sa \u017eicom                    \t            <\/div>\r\n           <\/div>\r\n                    <div class=\"ct-list-item \">\r\n                                    <div class=\"ct-list-icon\">\r\n                        <i aria-hidden=\"true\" class=\"fas fa-angle-right\"><\/i>                    <\/div>\r\n                            \t<div class=\"ct-list-content\">\r\n                    \t            \t  ma\u0161ine za elektro-eroziju                    \t            <\/div>\r\n           <\/div>\r\n                    <div class=\"ct-list-item \">\r\n                                    <div class=\"ct-list-icon\">\r\n                        <i aria-hidden=\"true\" class=\"fas fa-angle-right\"><\/i>                    <\/div>\r\n                            \t<div class=\"ct-list-content\">\r\n                    \t            \t  ekscentar prese                    \t            <\/div>\r\n           <\/div>\r\n                    <div class=\"ct-list-item \">\r\n                                    <div class=\"ct-list-icon\">\r\n                        <i aria-hidden=\"true\" class=\"fas fa-angle-right\"><\/i>                    <\/div>\r\n                            \t<div class=\"ct-list-content\">\r\n                    \t            \t  3D mjerna ma\u0161ina                    \t            <\/div>\r\n           <\/div>\r\n                    <div class=\"ct-list-item \">\r\n                                    <div class=\"ct-list-icon\">\r\n                        <i aria-hidden=\"true\" class=\"fas fa-angle-right\"><\/i>                    <\/div>\r\n                            \t<div class=\"ct-list-content\">\r\n                    \t            \t  laser za graviranje pozicija                    \t            <\/div>\r\n           <\/div>\r\n                    <div class=\"ct-list-item \">\r\n                                    <div class=\"ct-list-icon\">\r\n                        <i aria-hidden=\"true\" class=\"fas fa-angle-right\"><\/i>                    <\/div>\r\n                            \t<div class=\"ct-list-content\">\r\n                    \t            \t  ma\u0161ina za umjeravanje alata                    \t            <\/div>\r\n           <\/div>\r\n            <\/div>\r\n\t\t\t\t<\/div>\n\t\t\t\t<\/div>\n\t\t\t\t<div class=\"elementor-element elementor-element-f275d3b elementor-widget elementor-widget-ct_text_editor\" data-id=\"f275d3b\" data-element_type=\"widget\" data-widget_type=\"ct_text_editor.default\">\n\t\t\t\t<div class=\"elementor-widget-container\">\n\t\t\t\t\t<div id=\"ct_text_editor-f275d3b\" class=\"ct-text-editor \" data-wow-delay=\"ms\">\n\t<div class=\"ct-inline-css\"  data-css=\"\n        \t\t\">\n\n    <\/div>\n\t<div class=\"ct-text-editor-inner elementor-clearfix\">\n\t\t<p>Na\u0161e usluge odlikuju se brojnim prednostima koje nas izdvajaju na tr\u017ei\u0161tu. Specijalizovani smo za izradu pojedina\u010dnih i maloserijskih pozicija, uz postizanje visoke preciznosti. Obradu vr\u0161imo prema dostavljenom tehni\u010dkom crte\u017eu ili 3D modelu, \u0161to omogu\u0107ava maksimalnu uskla\u0111enost sa zahtjevima naru\u010dilaca. Posebnu pa\u017enju posve\u0107ujemo proizvodnji slo\u017eenih komponenti koje se koriste u automatizaciji i robotizaciji proizvodnih procesa. <\/p> <p>\nDugogodi\u0161nje iskustvo u saradnji s klijentima iz automobilske i avio industrije dodatno potvr\u0111uje na\u0161u stru\u010dnost i tehni\u010dku pouzdanost. Pored toga, isti\u010demo se brzom isporukom i dosljedno\u0161\u0107u u po\u0161tovanju ugovorenih rokova, \u0161to na\u0161im partnerima omogu\u0107ava kontinuitet u proizvodnji i planiranju. Kvalitet, preciznost i profesionalan odnos prema svakom projektu \u010dine osnovu na\u0161eg poslovanja.<\/p>\t\t\n\t<\/div>\n<\/div>\t\t\t\t<\/div>\n\t\t\t\t<\/div>\n\t\t\t\t<div class=\"elementor-element elementor-element-7bc1adb elementor-widget elementor-widget-ct_text_editor\" data-id=\"7bc1adb\" data-element_type=\"widget\" data-widget_type=\"ct_text_editor.default\">\n\t\t\t\t<div class=\"elementor-widget-container\">\n\t\t\t\t\t<div id=\"ct_text_editor-7bc1adb\" class=\"ct-text-editor \" data-wow-delay=\"ms\">\n\t<div class=\"ct-inline-css\"  data-css=\"\n        \t\t\">\n\n    <\/div>\n\t<div class=\"ct-text-editor-inner elementor-clearfix\">\n\t\t<p>U okviru na\u0161eg odjeljenja za ma\u0161insku obradu, posebno se izdvaja usluga obrade metala pomo\u0107u erozimata sa \u017eicom (Wire EDM). Ova metoda omogu\u0107ava izuzetno precizno rezanje kontura i oblika u tvrdim materijalima kao \u0161to su alatni \u010delici.<\/p>\t\t\n\t<\/div>\n<\/div>\t\t\t\t<\/div>\n\t\t\t\t<\/div>\n\t\t\t\t<div class=\"elementor-element elementor-element-3fac8a9 elementor-widget elementor-widget-ct_heading\" data-id=\"3fac8a9\" data-element_type=\"widget\" data-widget_type=\"ct_heading.default\">\n\t\t\t\t<div class=\"elementor-widget-container\">\n\t\t\t\t\t<div id=\"ct_heading-3fac8a9\" class=\"ct-heading h-align-left item-st-default\">\r\n    <div class=\"heading-wrapper\">\r\n        <div class=\"inner-heading\">\r\n                          \t                <h3 class=\"item--title case-animate-time st-default \" data-wow-delay=\"ms\">\r\n                    <span>Proces obrade erozomatom sa \u017eicom  (Wire EDM) odlikuje:<\/span>                <\/h3>\r\n        <\/div>\r\n    <\/div>\r\n<\/div>\r\n\t\t\t\t<\/div>\n\t\t\t\t<\/div>\n\t\t\t\t<div class=\"elementor-element elementor-element-0d160bd elementor-widget elementor-widget-ct_list\" data-id=\"0d160bd\" data-element_type=\"widget\" data-widget_type=\"ct_list.default\">\n\t\t\t\t<div class=\"elementor-widget-container\">\n\t\t\t\t\t    <div class=\"ct-list block\">\r\n                    <div class=\"ct-list-item \">\r\n                                    <div class=\"ct-list-icon\">\r\n                        <i aria-hidden=\"true\" class=\"far fa-check-circle\"><\/i>                    <\/div>\r\n                            \t<div class=\"ct-list-content\">\r\n                    \t            \t  visoka ta\u010dnost i fino\u0107a obrade                    \t            <\/div>\r\n           <\/div>\r\n                    <div class=\"ct-list-item \">\r\n                                    <div class=\"ct-list-icon\">\r\n                        <i aria-hidden=\"true\" class=\"far fa-check-circle\"><\/i>                    <\/div>\r\n                            \t<div class=\"ct-list-content\">\r\n                    \t            \t  mogu\u0107nost izrade slo\u017eenih i delikatnih kontura                    \t            <\/div>\r\n           <\/div>\r\n                    <div class=\"ct-list-item \">\r\n                                    <div class=\"ct-list-icon\">\r\n                        <i aria-hidden=\"true\" class=\"far fa-check-circle\"><\/i>                    <\/div>\r\n                            \t<div class=\"ct-list-content\">\r\n                    \t            \t  obrada tvrdih materijala                    \t            <\/div>\r\n           <\/div>\r\n                    <div class=\"ct-list-item \">\r\n                                    <div class=\"ct-list-icon\">\r\n                        <i aria-hidden=\"true\" class=\"far fa-check-circle\"><\/i>                    <\/div>\r\n                            \t<div class=\"ct-list-content\">\r\n                    \t            \t  idealan izbor za izradu preciznih alata i tehni\u010dkih pozicija                    \t            <\/div>\r\n           <\/div>\r\n            <\/div>\r\n\t\t\t\t<\/div>\n\t\t\t\t<\/div>\n\t\t\t\t<div class=\"elementor-element elementor-element-f7bc93d elementor-widget__width-initial elementor-widget elementor-widget-ct_text_editor\" data-id=\"f7bc93d\" data-element_type=\"widget\" data-widget_type=\"ct_text_editor.default\">\n\t\t\t\t<div class=\"elementor-widget-container\">\n\t\t\t\t\t<div id=\"ct_text_editor-f7bc93d\" class=\"ct-text-editor \" data-wow-delay=\"ms\">\n\t<div class=\"ct-inline-css\"  data-css=\"\n        \t\t\">\n\n    <\/div>\n\t<div class=\"ct-text-editor-inner elementor-clearfix\">\n\t\t<p>Kombinacijom znanja, savremenih ma\u0161ina i posve\u0107enosti detaljima, pozicionirali smo se kao pouzdan partner za zahtjevne projekte \u0161irom Evrope.<\/p>\t\t\n\t<\/div>\n<\/div>\t\t\t\t<\/div>\n\t\t\t\t<\/div>\n\t\t\t\t<\/div>\n\t\t\t\t\t<\/div>\n\t\t\t\t<\/div>\n\t\t<div data-particle_enable=\"false\" data-particle-mobile-disabled=\"false\" class=\"elementor-element elementor-element-28826d5 e-flex e-con-boxed e-con e-parent\" data-id=\"28826d5\" data-element_type=\"container\">\n\t\t\t\t\t<div class=\"e-con-inner\">\n\t\t\t\t<div class=\"elementor-element elementor-element-e4fcea3 elementor-widget elementor-widget-heading\" data-id=\"e4fcea3\" data-element_type=\"widget\" data-widget_type=\"heading.default\">\n\t\t\t\t<div class=\"elementor-widget-container\">\n\t\t\t\t\t<h2 class=\"elementor-heading-title elementor-size-default\">S ponosom u saradnji<\/h2>\t\t\t\t<\/div>\n\t\t\t\t<\/div>\n\t\t\t\t<div class=\"elementor-element elementor-element-e0eff29 elementor-arrows-position-inside elementor-widget elementor-widget-image-carousel\" data-id=\"e0eff29\" data-element_type=\"widget\" data-settings=\"{&quot;navigation&quot;:&quot;arrows&quot;,&quot;autoplay_speed&quot;:3000,&quot;autoplay&quot;:&quot;yes&quot;,&quot;pause_on_hover&quot;:&quot;yes&quot;,&quot;pause_on_interaction&quot;:&quot;yes&quot;,&quot;infinite&quot;:&quot;yes&quot;,&quot;speed&quot;:500}\" data-widget_type=\"image-carousel.default\">\n\t\t\t\t<div class=\"elementor-widget-container\">\n\t\t\t\t\t\t\t<div class=\"elementor-image-carousel-wrapper swiper\" role=\"region\" aria-roledescription=\"carousel\" aria-label=\"S ponosou u saradnji\" dir=\"ltr\">\n\t\t\t<div class=\"elementor-image-carousel swiper-wrapper\" aria-live=\"off\">\n\t\t\t\t\t\t\t\t<div class=\"swiper-slide\" role=\"group\" aria-roledescription=\"slide\" aria-label=\"1 of 4\"><figure class=\"swiper-slide-inner\"><img decoding=\"async\" class=\"swiper-slide-image\" src=\"https:\/\/vis.ba\/wp-content\/uploads\/2025\/02\/1.png\" alt=\"1\" \/><\/figure><\/div><div class=\"swiper-slide\" role=\"group\" aria-roledescription=\"slide\" aria-label=\"2 of 4\"><figure class=\"swiper-slide-inner\"><img decoding=\"async\" class=\"swiper-slide-image\" src=\"https:\/\/vis.ba\/wp-content\/uploads\/2025\/02\/2.png\" alt=\"2\" \/><\/figure><\/div><div class=\"swiper-slide\" role=\"group\" aria-roledescription=\"slide\" aria-label=\"3 of 4\"><figure class=\"swiper-slide-inner\"><img decoding=\"async\" class=\"swiper-slide-image\" src=\"https:\/\/vis.ba\/wp-content\/uploads\/2025\/02\/3.png\" alt=\"3\" \/><\/figure><\/div><div class=\"swiper-slide\" role=\"group\" aria-roledescription=\"slide\" aria-label=\"4 of 4\"><figure class=\"swiper-slide-inner\"><img decoding=\"async\" class=\"swiper-slide-image\" src=\"https:\/\/vis.ba\/wp-content\/uploads\/2025\/05\/peps.png\" alt=\"peps\" \/><\/figure><\/div>\t\t\t<\/div>\n\t\t\t\t\t\t\t\t\t\t\t\t<div class=\"elementor-swiper-button elementor-swiper-button-prev\" role=\"button\" tabindex=\"0\">\n\t\t\t\t\t\t<i aria-hidden=\"true\" class=\"eicon-chevron-left\"><\/i>\t\t\t\t\t<\/div>\n\t\t\t\t\t<div class=\"elementor-swiper-button elementor-swiper-button-next\" role=\"button\" tabindex=\"0\">\n\t\t\t\t\t\t<i aria-hidden=\"true\" class=\"eicon-chevron-right\"><\/i>\t\t\t\t\t<\/div>\n\t\t\t\t\n\t\t\t\t\t\t\t\t\t<\/div>\n\t\t\t\t\t\t<\/div>\n\t\t\t\t<\/div>\n\t\t\t\t\t<\/div>\n\t\t\t\t<\/div>\n\t\t\t\t<\/div>\n\t\t","protected":false},"excerpt":{"rendered":"<p>Sve djelatnosti Prerada plasti\u010dnih masa Izrada alata VIS nudi \u0161irok spektar usluga ma\u0161inske obrade metala i plastike uklju\u010duju\u0107i precizno glodanje, struganje, bu\u0161enje, bru\u0161enje i elektroeroziju, uz dodatnu mogu\u0107nost monta\u017ee slo\u017eenih sklopova. Po sistemu od crte\u017ea do gotovih komponenti, primjenom savremenih metoda obrade, u prilici smo da izradimo najrazli\u010ditije i najslo\u017eenije ma\u0161inske pozicije. Na\u0161i proizvodni kapaciteti [&hellip;]<\/p>\n","protected":false},"author":1,"featured_media":0,"parent":0,"menu_order":0,"comment_status":"closed","ping_status":"closed","template":"","meta":{"_eb_attr":"","footnotes":""},"class_list":["post-19018","page","type-page","status-publish","hentry"],"_links":{"self":[{"href":"https:\/\/vis.ba\/ba\/wp-json\/wp\/v2\/pages\/19018","targetHints":{"allow":["GET"]}}],"collection":[{"href":"https:\/\/vis.ba\/ba\/wp-json\/wp\/v2\/pages"}],"about":[{"href":"https:\/\/vis.ba\/ba\/wp-json\/wp\/v2\/types\/page"}],"author":[{"embeddable":true,"href":"https:\/\/vis.ba\/ba\/wp-json\/wp\/v2\/users\/1"}],"replies":[{"embeddable":true,"href":"https:\/\/vis.ba\/ba\/wp-json\/wp\/v2\/comments?post=19018"}],"version-history":[{"count":122,"href":"https:\/\/vis.ba\/ba\/wp-json\/wp\/v2\/pages\/19018\/revisions"}],"predecessor-version":[{"id":22076,"href":"https:\/\/vis.ba\/ba\/wp-json\/wp\/v2\/pages\/19018\/revisions\/22076"}],"wp:attachment":[{"href":"https:\/\/vis.ba\/ba\/wp-json\/wp\/v2\/media?parent=19018"}],"curies":[{"name":"wp","href":"https:\/\/api.w.org\/{rel}","templated":true}]}}