{"id":19019,"date":"2025-03-05T09:42:20","date_gmt":"2025-03-05T09:42:20","guid":{"rendered":"https:\/\/vis.ba\/?page_id=19019"},"modified":"2025-06-20T07:58:30","modified_gmt":"2025-06-20T07:58:30","slug":"izrada-alata","status":"publish","type":"page","link":"https:\/\/vis.ba\/ba\/izrada-alata\/","title":{"rendered":"Izrada alata"},"content":{"rendered":"\t\t<div data-elementor-type=\"wp-page\" data-elementor-id=\"19019\" class=\"elementor elementor-19019\" data-elementor-post-type=\"page\">\n\t\t\t\t<div data-particle_enable=\"false\" data-particle-mobile-disabled=\"false\" class=\"elementor-element elementor-element-84c3b7a e-flex e-con-boxed e-con e-parent\" data-id=\"84c3b7a\" data-element_type=\"container\">\n\t\t\t\t\t<div class=\"e-con-inner\">\n\t\t<div data-particle_enable=\"false\" data-particle-mobile-disabled=\"false\" class=\"elementor-element elementor-element-0a99f71 e-con-full e-flex e-con e-child\" data-id=\"0a99f71\" data-element_type=\"container\">\n\t\t\t\t<div class=\"elementor-element elementor-element-acfc484 elementor-widget elementor-widget-ct_download\" data-id=\"acfc484\" data-element_type=\"widget\" data-widget_type=\"ct_download.default\">\n\t\t\t\t<div class=\"elementor-widget-container\">\n\t\t\t\t\t    <div class=\"ct-download layout2 box-sidebar \">\r\n                    <h3 class=\"entry-title\">\r\n                Sve djelatnosti    \r\n            <\/h3>\r\n                            <div class=\"item--download\">\r\n            \t<a href=\"https:\/\/vis.ba\/ba\/prerada-plasticnih-masa\">\r\n\t            \tPrerada plasti\u010dnih masa\t            \t\t            \t\t\t\t\t        <span class=\"ct-contact-icon\">\r\n\t\t\t                \t\t\t                \t\t\t\t        <\/span>\r\n\t\t\t\t    \t                \t            <\/a>\r\n           <\/div>\r\n                    <div class=\"item--download\">\r\n            \t<a href=\"https:\/\/vis.ba\/ba\/masinska-obrada\">\r\n\t            \tMa\u0161inska obrada\t            \t\t            \t\t\t\t\t        <span class=\"ct-contact-icon\">\r\n\t\t\t                \t\t\t                \t\t\t\t        <\/span>\r\n\t\t\t\t    \t                \t            <\/a>\r\n           <\/div>\r\n            <\/div>\r\n\t\t\t\t<\/div>\n\t\t\t\t<\/div>\n\t\t\t\t<\/div>\n\t\t<div data-particle_enable=\"false\" data-particle-mobile-disabled=\"false\" class=\"elementor-element elementor-element-62d4c0e e-con-full e-flex e-con e-child\" data-id=\"62d4c0e\" data-element_type=\"container\">\n\t\t\t\t<div class=\"elementor-element elementor-element-8bff144 image-wfull-width elementor-widget elementor-widget-ct_image\" data-id=\"8bff144\" data-element_type=\"widget\" data-widget_type=\"ct_image.default\">\n\t\t\t\t<div class=\"elementor-widget-container\">\n\t\t\t\t\t<div class=\"ct-image-single   \" data-width=\"\" data-height=\"\" data-wow-delay=\"ms\">\r\n            <div class=\"ct-image-single--inner\">\r\n                            <img fetchpriority=\"high\" decoding=\"async\" class=\"no-lazyload img-main \" src=\"https:\/\/vis.ba\/wp-content\/uploads\/2025\/04\/Alati-770x400.jpg\" width=\"770\" height=\"400\" alt=\"Alati\" title=\"Alati\" \/>                    <\/div>\r\n    <\/div>\t\t\t\t<\/div>\n\t\t\t\t<\/div>\n\t\t\t\t<div class=\"elementor-element elementor-element-809d3b9 elementor-widget elementor-widget-ct_text_editor\" data-id=\"809d3b9\" data-element_type=\"widget\" data-widget_type=\"ct_text_editor.default\">\n\t\t\t\t<div class=\"elementor-widget-container\">\n\t\t\t\t\t<div id=\"ct_text_editor-809d3b9\" class=\"ct-text-editor \" data-wow-delay=\"ms\">\n\t<div class=\"ct-inline-css\"  data-css=\"\n        \t\t\">\n\n    <\/div>\n\t<div class=\"ct-text-editor-inner elementor-clearfix\">\n\t\t<p>Na\u0161e preduze\u0107e je me\u0111u rijetkima u Bosni i Hercegovini koje u okviru vlastitih kapaciteta integri\u0161e razvoj i izradu alata, brizganje proizvoda od plasti\u010dnih masa i preciznu ma\u0161insku obradu. Ovakav pristup omogu\u0107ava potpunu kontrolu kvaliteta i efikasnosti \u2013 od po\u010detne ideje do serijske proizvodnje.<\/p><p>Specijalizovani smo za razvoj i proizvodnju visokokvalitetnih alata za brizganje plastike, namijenjenih gotovo svim vrstama termoplastike (PP, PA, ABS, PE, PC itd). Proces po\u010dinje konstruisanjem modela, nakon \u010dega u na\u0161oj alatnici slijedi izrada alata, koriste\u0107i najsavremenije CNC tehnologije i stru\u010dno znanje na\u0161eg tima.<\/p><p><h6>Na\u0161 prvi alat izra\u0111en je davne 1989. godine. Bio je to alat za izradu kutije releja brisa\u010da za Zastavine automobile, \u010dime je zapo\u010deta na\u0161a vi\u0161edecenijska tradicija u alatni\u010darstvu.<\/h6><br \/>\t\t\n\t<\/div>\n<\/div>\t\t\t\t<\/div>\n\t\t\t\t<\/div>\n\t\t\t\t<div class=\"elementor-element elementor-element-e708b3f elementor-arrows-position-inside elementor-pagination-position-outside elementor-widget elementor-widget-image-carousel\" data-id=\"e708b3f\" data-element_type=\"widget\" data-settings=\"{&quot;navigation&quot;:&quot;both&quot;,&quot;autoplay&quot;:&quot;yes&quot;,&quot;pause_on_hover&quot;:&quot;yes&quot;,&quot;pause_on_interaction&quot;:&quot;yes&quot;,&quot;autoplay_speed&quot;:5000,&quot;infinite&quot;:&quot;yes&quot;,&quot;speed&quot;:500}\" data-widget_type=\"image-carousel.default\">\n\t\t\t\t<div class=\"elementor-widget-container\">\n\t\t\t\t\t\t\t<div class=\"elementor-image-carousel-wrapper swiper\" role=\"region\" aria-roledescription=\"carousel\" aria-label=\"Image Carousel\" dir=\"ltr\">\n\t\t\t<div class=\"elementor-image-carousel swiper-wrapper\" aria-live=\"off\">\n\t\t\t\t\t\t\t\t<div class=\"swiper-slide\" role=\"group\" aria-roledescription=\"slide\" aria-label=\"1 of 3\"><a data-elementor-open-lightbox=\"yes\" data-elementor-lightbox-slideshow=\"e708b3f\" data-elementor-lightbox-title=\"Prvi_alat_1\" data-e-action-hash=\"#elementor-action%3Aaction%3Dlightbox%26settings%3DeyJpZCI6MjE2NjEsInVybCI6Imh0dHBzOlwvXC92aXMuYmFcL3dwLWNvbnRlbnRcL3VwbG9hZHNcLzIwMjVcLzA2XC9QcnZpX2FsYXRfMS5qcGciLCJzbGlkZXNob3ciOiJlNzA4YjNmIn0%3D\" href=\"https:\/\/vis.ba\/wp-content\/uploads\/2025\/06\/Prvi_alat_1.jpg\"><figure class=\"swiper-slide-inner\"><img decoding=\"async\" class=\"swiper-slide-image\" src=\"https:\/\/vis.ba\/wp-content\/uploads\/2025\/06\/Prvi_alat_1.jpg\" alt=\"Prvi_alat_1\" \/><\/figure><\/a><\/div><div class=\"swiper-slide\" role=\"group\" aria-roledescription=\"slide\" aria-label=\"2 of 3\"><a data-elementor-open-lightbox=\"yes\" data-elementor-lightbox-slideshow=\"e708b3f\" data-elementor-lightbox-title=\"Prvi_alat_2\" data-e-action-hash=\"#elementor-action%3Aaction%3Dlightbox%26settings%3DeyJpZCI6MjE2NjIsInVybCI6Imh0dHBzOlwvXC92aXMuYmFcL3dwLWNvbnRlbnRcL3VwbG9hZHNcLzIwMjVcLzA2XC9QcnZpX2FsYXRfMi5qcGciLCJzbGlkZXNob3ciOiJlNzA4YjNmIn0%3D\" href=\"https:\/\/vis.ba\/wp-content\/uploads\/2025\/06\/Prvi_alat_2.jpg\"><figure class=\"swiper-slide-inner\"><img decoding=\"async\" class=\"swiper-slide-image\" src=\"https:\/\/vis.ba\/wp-content\/uploads\/2025\/06\/Prvi_alat_2.jpg\" alt=\"Prvi_alat_2\" \/><\/figure><\/a><\/div><div class=\"swiper-slide\" role=\"group\" aria-roledescription=\"slide\" aria-label=\"3 of 3\"><a data-elementor-open-lightbox=\"yes\" data-elementor-lightbox-slideshow=\"e708b3f\" data-elementor-lightbox-title=\"Prvi_alat_3\" data-e-action-hash=\"#elementor-action%3Aaction%3Dlightbox%26settings%3DeyJpZCI6MjE2NjMsInVybCI6Imh0dHBzOlwvXC92aXMuYmFcL3dwLWNvbnRlbnRcL3VwbG9hZHNcLzIwMjVcLzA2XC9QcnZpX2FsYXRfMy5qcGciLCJzbGlkZXNob3ciOiJlNzA4YjNmIn0%3D\" href=\"https:\/\/vis.ba\/wp-content\/uploads\/2025\/06\/Prvi_alat_3.jpg\"><figure class=\"swiper-slide-inner\"><img decoding=\"async\" class=\"swiper-slide-image\" src=\"https:\/\/vis.ba\/wp-content\/uploads\/2025\/06\/Prvi_alat_3.jpg\" alt=\"Prvi_alat_3\" \/><\/figure><\/a><\/div>\t\t\t<\/div>\n\t\t\t\t\t\t\t\t\t\t\t\t<div class=\"elementor-swiper-button elementor-swiper-button-prev\" role=\"button\" tabindex=\"0\">\n\t\t\t\t\t\t<i aria-hidden=\"true\" class=\"eicon-chevron-left\"><\/i>\t\t\t\t\t<\/div>\n\t\t\t\t\t<div class=\"elementor-swiper-button elementor-swiper-button-next\" role=\"button\" tabindex=\"0\">\n\t\t\t\t\t\t<i aria-hidden=\"true\" class=\"eicon-chevron-right\"><\/i>\t\t\t\t\t<\/div>\n\t\t\t\t\n\t\t\t\t\t\t\t\t\t<div class=\"swiper-pagination\"><\/div>\n\t\t\t\t\t\t\t\t\t<\/div>\n\t\t\t\t\t\t<\/div>\n\t\t\t\t<\/div>\n\t\t\t\t<div class=\"elementor-element elementor-element-b9cdae3 elementor-widget elementor-widget-ct_text_editor\" data-id=\"b9cdae3\" data-element_type=\"widget\" data-widget_type=\"ct_text_editor.default\">\n\t\t\t\t<div class=\"elementor-widget-container\">\n\t\t\t\t\t<div id=\"ct_text_editor-b9cdae3\" class=\"ct-text-editor \" data-wow-delay=\"ms\">\n\t<div class=\"ct-inline-css\"  data-css=\"\n        \t\t\">\n\n    <\/div>\n\t<div class=\"ct-text-editor-inner elementor-clearfix\">\n\t\t<p>Alati za brizganje su tehni\u010dki najzahtjevniji elementi u proizvodnom procesu, a zahvaljuju\u0107i dugogodi\u0161njem iskustvu, uspje\u0161no izra\u0111ujemo i najkompleksnije pozicije. <br \/>Nakon zavr\u0161ne monta\u017ee, svaki alat prolazi fazu testiranja i brizganja probnih uzoraka, poslije koje po\u010dinje serijska proizvodnja na\u0161ih proizvoda.<\/p><p>Dugotrajan rad na\u0161ih alata u serijskoj proizvodnji i njihova pouzdanost kroz godine eksploatacije potvr\u0111uju visoke standarde kvaliteta koje njegujemo.<\/p>\t\t\n\t<\/div>\n<\/div>\t\t\t\t<\/div>\n\t\t\t\t<\/div>\n\t\t\t\t<\/div>\n\t\t\t\t\t<\/div>\n\t\t\t\t<\/div>\n\t\t<div data-particle_enable=\"false\" data-particle-mobile-disabled=\"false\" class=\"elementor-element elementor-element-d5b1ac5 e-flex e-con-boxed e-con e-parent\" data-id=\"d5b1ac5\" data-element_type=\"container\">\n\t\t\t\t\t<div class=\"e-con-inner\">\n\t\t\t\t<div class=\"elementor-element elementor-element-535eabc elementor-widget elementor-widget-heading\" data-id=\"535eabc\" data-element_type=\"widget\" data-widget_type=\"heading.default\">\n\t\t\t\t<div class=\"elementor-widget-container\">\n\t\t\t\t\t<h2 class=\"elementor-heading-title elementor-size-default\">S ponosom u saradnji<\/h2>\t\t\t\t<\/div>\n\t\t\t\t<\/div>\n\t\t\t\t<div class=\"elementor-element elementor-element-2a407d8 elementor-arrows-position-inside elementor-widget elementor-widget-image-carousel\" data-id=\"2a407d8\" data-element_type=\"widget\" data-settings=\"{&quot;navigation&quot;:&quot;arrows&quot;,&quot;autoplay_speed&quot;:3000,&quot;autoplay&quot;:&quot;yes&quot;,&quot;pause_on_hover&quot;:&quot;yes&quot;,&quot;pause_on_interaction&quot;:&quot;yes&quot;,&quot;infinite&quot;:&quot;yes&quot;,&quot;speed&quot;:500}\" data-widget_type=\"image-carousel.default\">\n\t\t\t\t<div class=\"elementor-widget-container\">\n\t\t\t\t\t\t\t<div class=\"elementor-image-carousel-wrapper swiper\" role=\"region\" aria-roledescription=\"carousel\" aria-label=\"S ponosou u saradnji\" dir=\"ltr\">\n\t\t\t<div class=\"elementor-image-carousel swiper-wrapper\" aria-live=\"off\">\n\t\t\t\t\t\t\t\t<div class=\"swiper-slide\" role=\"group\" aria-roledescription=\"slide\" aria-label=\"1 of 4\"><figure class=\"swiper-slide-inner\"><img decoding=\"async\" class=\"swiper-slide-image\" src=\"https:\/\/vis.ba\/wp-content\/uploads\/2025\/02\/1.png\" alt=\"1\" \/><\/figure><\/div><div class=\"swiper-slide\" role=\"group\" aria-roledescription=\"slide\" aria-label=\"2 of 4\"><figure class=\"swiper-slide-inner\"><img decoding=\"async\" class=\"swiper-slide-image\" src=\"https:\/\/vis.ba\/wp-content\/uploads\/2025\/02\/2.png\" alt=\"2\" \/><\/figure><\/div><div class=\"swiper-slide\" role=\"group\" aria-roledescription=\"slide\" aria-label=\"3 of 4\"><figure class=\"swiper-slide-inner\"><img decoding=\"async\" class=\"swiper-slide-image\" src=\"https:\/\/vis.ba\/wp-content\/uploads\/2025\/02\/3.png\" alt=\"3\" \/><\/figure><\/div><div class=\"swiper-slide\" role=\"group\" aria-roledescription=\"slide\" aria-label=\"4 of 4\"><figure class=\"swiper-slide-inner\"><img decoding=\"async\" class=\"swiper-slide-image\" src=\"https:\/\/vis.ba\/wp-content\/uploads\/2025\/05\/peps.png\" alt=\"peps\" \/><\/figure><\/div>\t\t\t<\/div>\n\t\t\t\t\t\t\t\t\t\t\t\t<div class=\"elementor-swiper-button elementor-swiper-button-prev\" role=\"button\" tabindex=\"0\">\n\t\t\t\t\t\t<i aria-hidden=\"true\" class=\"eicon-chevron-left\"><\/i>\t\t\t\t\t<\/div>\n\t\t\t\t\t<div class=\"elementor-swiper-button elementor-swiper-button-next\" role=\"button\" tabindex=\"0\">\n\t\t\t\t\t\t<i aria-hidden=\"true\" class=\"eicon-chevron-right\"><\/i>\t\t\t\t\t<\/div>\n\t\t\t\t\n\t\t\t\t\t\t\t\t\t<\/div>\n\t\t\t\t\t\t<\/div>\n\t\t\t\t<\/div>\n\t\t\t\t\t<\/div>\n\t\t\t\t<\/div>\n\t\t\t\t<\/div>\n\t\t","protected":false},"excerpt":{"rendered":"<p>Sve djelatnosti Prerada plasti\u010dnih masa Ma\u0161inska obrada Na\u0161e preduze\u0107e je me\u0111u rijetkima u Bosni i Hercegovini koje u okviru vlastitih kapaciteta integri\u0161e razvoj i izradu alata, brizganje proizvoda od plasti\u010dnih masa i preciznu ma\u0161insku obradu. Ovakav pristup omogu\u0107ava potpunu kontrolu kvaliteta i efikasnosti \u2013 od po\u010detne ideje do serijske proizvodnje. Specijalizovani smo za razvoj i [&hellip;]<\/p>\n","protected":false},"author":1,"featured_media":0,"parent":0,"menu_order":0,"comment_status":"closed","ping_status":"closed","template":"","meta":{"_eb_attr":"","footnotes":""},"class_list":["post-19019","page","type-page","status-publish","hentry"],"_links":{"self":[{"href":"https:\/\/vis.ba\/ba\/wp-json\/wp\/v2\/pages\/19019","targetHints":{"allow":["GET"]}}],"collection":[{"href":"https:\/\/vis.ba\/ba\/wp-json\/wp\/v2\/pages"}],"about":[{"href":"https:\/\/vis.ba\/ba\/wp-json\/wp\/v2\/types\/page"}],"author":[{"embeddable":true,"href":"https:\/\/vis.ba\/ba\/wp-json\/wp\/v2\/users\/1"}],"replies":[{"embeddable":true,"href":"https:\/\/vis.ba\/ba\/wp-json\/wp\/v2\/comments?post=19019"}],"version-history":[{"count":98,"href":"https:\/\/vis.ba\/ba\/wp-json\/wp\/v2\/pages\/19019\/revisions"}],"predecessor-version":[{"id":21667,"href":"https:\/\/vis.ba\/ba\/wp-json\/wp\/v2\/pages\/19019\/revisions\/21667"}],"wp:attachment":[{"href":"https:\/\/vis.ba\/ba\/wp-json\/wp\/v2\/media?parent=19019"}],"curies":[{"name":"wp","href":"https:\/\/api.w.org\/{rel}","templated":true}]}}