{"id":19262,"date":"2025-03-14T08:47:59","date_gmt":"2025-03-14T08:47:59","guid":{"rendered":"https:\/\/vis.ba\/?page_id=19262"},"modified":"2025-06-20T11:45:45","modified_gmt":"2025-06-20T11:45:45","slug":"alati","status":"publish","type":"page","link":"https:\/\/vis.ba\/ba\/alati\/","title":{"rendered":"Alati"},"content":{"rendered":"\t\t<div data-elementor-type=\"wp-page\" data-elementor-id=\"19262\" class=\"elementor elementor-19262\" data-elementor-post-type=\"page\">\n\t\t\t\t<div data-particle_enable=\"false\" data-particle-mobile-disabled=\"false\" class=\"elementor-element elementor-element-a1fb57d e-flex e-con-boxed e-con e-parent\" data-id=\"a1fb57d\" data-element_type=\"container\">\n\t\t\t\t\t<div class=\"e-con-inner\">\n\t\t<div data-particle_enable=\"false\" data-particle-mobile-disabled=\"false\" class=\"elementor-element elementor-element-f86e154 e-con-full e-flex e-con e-child\" data-id=\"f86e154\" data-element_type=\"container\">\n\t\t\t\t<div class=\"elementor-element elementor-element-154b9cf elementor-widget elementor-widget-ct_download\" data-id=\"154b9cf\" data-element_type=\"widget\" data-widget_type=\"ct_download.default\">\n\t\t\t\t<div class=\"elementor-widget-container\">\n\t\t\t\t\t    <div class=\"ct-download layout2 box-sidebar \">\r\n                    <h3 class=\"entry-title\">\r\n                Proizvodi    \r\n            <\/h3>\r\n                            <div class=\"item--download\">\r\n            \t<a href=\"https:\/\/vis.ba\/ba\/tehnicki-proizvodi\">\r\n\t            \tTehni\u010dki proizvodi\t            \t\t            \t\t\t\t\t        <span class=\"ct-contact-icon\">\r\n\t\t\t                \t\t\t                \t\t\t\t        <\/span>\r\n\t\t\t\t    \t                \t            <\/a>\r\n           <\/div>\r\n                    <div class=\"item--download\">\r\n            \t<a href=\"https:\/\/vis.ba\/ba\/masinske-pozicije\">\r\n\t            \tMa\u0161inske pozicije\t            \t\t            \t\t\t\t\t        <span class=\"ct-contact-icon\">\r\n\t\t\t                \t\t\t                \t\t\t\t        <\/span>\r\n\t\t\t\t    \t                \t            <\/a>\r\n           <\/div>\r\n                    <div class=\"item--download\">\r\n            \t<a href=\"https:\/\/vis.ba\/ba\/proizvodi-siroke-potrosnje\/\">\r\n\t            \tProizvodi \u0161iroke potro\u0161nje\t            \t\t            \t\t\t\t\t        <span class=\"ct-contact-icon\">\r\n\t\t\t                \t\t\t                \t\t\t\t        <\/span>\r\n\t\t\t\t    \t                \t            <\/a>\r\n           <\/div>\r\n            <\/div>\r\n\t\t\t\t<\/div>\n\t\t\t\t<\/div>\n\t\t\t\t<\/div>\n\t\t<div data-particle_enable=\"false\" data-particle-mobile-disabled=\"false\" class=\"elementor-element elementor-element-003fe56 e-con-full e-flex e-con e-child\" data-id=\"003fe56\" data-element_type=\"container\">\n\t\t\t\t<div class=\"elementor-element elementor-element-a59c092 elementor-widget elementor-widget-ct_heading\" data-id=\"a59c092\" data-element_type=\"widget\" data-widget_type=\"ct_heading.default\">\n\t\t\t\t<div class=\"elementor-widget-container\">\n\t\t\t\t\t<div id=\"ct_heading-a59c092\" class=\"ct-heading h-align-left item-st-default\">\r\n    <div class=\"heading-wrapper\">\r\n        <div class=\"inner-heading\">\r\n                          \t                <h6 class=\"item--title case-animate-time st-default \" data-wow-delay=\"ms\">\r\n                    <span>Na\u0161a alatnica je mjesto gdje ideje postaju funkcionalna rje\u0161enja, a slo\u017eenost i pouzdanost alata vidljiva je ve\u0107 na prvi pogled.<\/span>                <\/h6>\r\n        <\/div>\r\n    <\/div>\r\n<\/div>\r\n\t\t\t\t<\/div>\n\t\t\t\t<\/div>\n\t\t\t\t\t\t\t<div data-eael_duration=\"{&quot;transitionDuration&quot;:1000}\" data-eael_easing=\"{&quot;transitionEasing&quot;:&quot;ease&quot;}\" data-eael_scale_hover_effect=\"{&quot;scale_x&quot;:0.9,&quot;scale_y&quot;:0.9}\" data-eael_hover_duration=\"{&quot;transitionDuration&quot;:1000}\" data-eael_hover_easing=\"{&quot;transitionEasing&quot;:&quot;ease&quot;}\" class=\"eael_hover_effect elementor-element elementor-element-e2528d4 e-transform e-transform elementor-widget elementor-widget-ct_gallery_grid\" data-id=\"e2528d4\" data-element_type=\"widget\" data-settings=\"{&quot;eael_hover_effect_transform_popover&quot;:&quot;yes&quot;,&quot;eael_hover_effect_transform_hover_popover&quot;:&quot;yes&quot;,&quot;eael_hover_effect_general_settings_easing&quot;:&quot;ease&quot;,&quot;eael_hover_effect_general_settings_hover_easing&quot;:&quot;ease&quot;,&quot;_transform_rotateZ_effect&quot;:{&quot;unit&quot;:&quot;px&quot;,&quot;size&quot;:&quot;&quot;,&quot;sizes&quot;:[]},&quot;_transform_rotateZ_effect_tablet&quot;:{&quot;unit&quot;:&quot;deg&quot;,&quot;size&quot;:&quot;&quot;,&quot;sizes&quot;:[]},&quot;_transform_rotateZ_effect_mobile&quot;:{&quot;unit&quot;:&quot;deg&quot;,&quot;size&quot;:&quot;&quot;,&quot;sizes&quot;:[]},&quot;_transform_scale_effect&quot;:{&quot;unit&quot;:&quot;px&quot;,&quot;size&quot;:&quot;&quot;,&quot;sizes&quot;:[]},&quot;_transform_scale_effect_tablet&quot;:{&quot;unit&quot;:&quot;px&quot;,&quot;size&quot;:&quot;&quot;,&quot;sizes&quot;:[]},&quot;_transform_scale_effect_mobile&quot;:{&quot;unit&quot;:&quot;px&quot;,&quot;size&quot;:&quot;&quot;,&quot;sizes&quot;:[]}}\" data-widget_type=\"ct_gallery_grid.default\">\n\t\t\t\t<div class=\"elementor-widget-container\">\n\t\t\t\t\t    <div class=\"ct-grid ct-gallery-grid1\">\r\n        <div class=\"ct-grid-inner ct-grid-masonry row animate-time\" data-gutter=\"7\">\r\n                            <div class=\"grid-item col-xl-6 col-lg-6 col-md-4 col-sm-6 col-12\">\r\n                    <div class=\"item--inner wow fadeIn\" data-wow-duration=\"1.2s\">\r\n                        <a href=\"https:\/\/vis.ba\/wp-content\/uploads\/2025\/04\/Masinska-pozicija-25.jpg\"><i>+<\/i><\/a>\r\n                        <img fetchpriority=\"high\" decoding=\"async\" class=\"no-lazyload \" src=\"https:\/\/vis.ba\/wp-content\/uploads\/2025\/04\/Masinska-pozicija-25-640x450.jpg\" width=\"640\" height=\"450\" alt=\"Masinska-pozicija-25\" title=\"Masinska-pozicija-25\" \/>                   <\/div>\r\n                <\/div>\r\n                            <div class=\"grid-item col-xl-6 col-lg-6 col-md-4 col-sm-6 col-12\">\r\n                    <div class=\"item--inner wow fadeIn\" data-wow-duration=\"1.2s\">\r\n                        <a href=\"https:\/\/vis.ba\/wp-content\/uploads\/2025\/04\/Masinska-pozicija-26.jpg\"><i>+<\/i><\/a>\r\n                        <img decoding=\"async\" class=\"no-lazyload \" src=\"https:\/\/vis.ba\/wp-content\/uploads\/2025\/04\/Masinska-pozicija-26-640x450.jpg\" width=\"640\" height=\"450\" alt=\"Masinska-pozicija-26\" title=\"Masinska-pozicija-26\" \/>                   <\/div>\r\n                <\/div>\r\n                            <div class=\"grid-item col-xl-6 col-lg-6 col-md-4 col-sm-6 col-12\">\r\n                    <div class=\"item--inner wow fadeIn\" data-wow-duration=\"1.2s\">\r\n                        <a href=\"https:\/\/vis.ba\/wp-content\/uploads\/2025\/04\/Masinska-pozicija-27.jpg\"><i>+<\/i><\/a>\r\n                        <img decoding=\"async\" class=\"no-lazyload \" src=\"https:\/\/vis.ba\/wp-content\/uploads\/2025\/04\/Masinska-pozicija-27-640x450.jpg\" width=\"640\" height=\"450\" alt=\"Masinska-pozicija-27\" title=\"Masinska-pozicija-27\" \/>                   <\/div>\r\n                <\/div>\r\n                            <div class=\"grid-item col-xl-6 col-lg-6 col-md-4 col-sm-6 col-12\">\r\n                    <div class=\"item--inner wow fadeIn\" data-wow-duration=\"1.2s\">\r\n                        <a href=\"https:\/\/vis.ba\/wp-content\/uploads\/2025\/04\/Masinska-pozicija-29.jpg\"><i>+<\/i><\/a>\r\n                        <img loading=\"lazy\" decoding=\"async\" class=\"no-lazyload \" src=\"https:\/\/vis.ba\/wp-content\/uploads\/2025\/04\/Masinska-pozicija-29-640x450.jpg\" width=\"640\" height=\"450\" alt=\"Masinska-pozicija-29\" title=\"Masinska-pozicija-29\" \/>                   <\/div>\r\n                <\/div>\r\n                            <div class=\"grid-item col-xl-6 col-lg-6 col-md-4 col-sm-6 col-12\">\r\n                    <div class=\"item--inner wow fadeIn\" data-wow-duration=\"1.2s\">\r\n                        <a href=\"https:\/\/vis.ba\/wp-content\/uploads\/2025\/04\/Masinska-pozicija-28.jpg\"><i>+<\/i><\/a>\r\n                        <img loading=\"lazy\" decoding=\"async\" class=\"no-lazyload \" src=\"https:\/\/vis.ba\/wp-content\/uploads\/2025\/04\/Masinska-pozicija-28-640x450.jpg\" width=\"640\" height=\"450\" alt=\"Masinska-pozicija-28\" title=\"Masinska-pozicija-28\" \/>                   <\/div>\r\n                <\/div>\r\n                            <div class=\"grid-item col-xl-6 col-lg-6 col-md-4 col-sm-6 col-12\">\r\n                    <div class=\"item--inner wow fadeIn\" data-wow-duration=\"1.2s\">\r\n                        <a href=\"https:\/\/vis.ba\/wp-content\/uploads\/2025\/04\/Masinska-pozicija-31.jpg\"><i>+<\/i><\/a>\r\n                        <img loading=\"lazy\" decoding=\"async\" class=\"no-lazyload \" src=\"https:\/\/vis.ba\/wp-content\/uploads\/2025\/04\/Masinska-pozicija-31-640x450.jpg\" width=\"640\" height=\"450\" alt=\"Masinska-pozicija-31\" title=\"Masinska-pozicija-31\" \/>                   <\/div>\r\n                <\/div>\r\n                            <div class=\"grid-item col-xl-6 col-lg-6 col-md-4 col-sm-6 col-12\">\r\n                    <div class=\"item--inner wow fadeIn\" data-wow-duration=\"1.2s\">\r\n                        <a href=\"https:\/\/vis.ba\/wp-content\/uploads\/2025\/04\/Masinska-pozicija-32.jpg\"><i>+<\/i><\/a>\r\n                        <img loading=\"lazy\" decoding=\"async\" class=\"no-lazyload \" src=\"https:\/\/vis.ba\/wp-content\/uploads\/2025\/04\/Masinska-pozicija-32-640x450.jpg\" width=\"640\" height=\"450\" alt=\"Masinska-pozicija-32\" title=\"Masinska-pozicija-32\" \/>                   <\/div>\r\n                <\/div>\r\n                            <div class=\"grid-item col-xl-6 col-lg-6 col-md-4 col-sm-6 col-12\">\r\n                    <div class=\"item--inner wow fadeIn\" data-wow-duration=\"1.2s\">\r\n                        <a href=\"https:\/\/vis.ba\/wp-content\/uploads\/2025\/04\/Masinska-pozicija-30.jpg\"><i>+<\/i><\/a>\r\n                        <img loading=\"lazy\" decoding=\"async\" class=\"no-lazyload \" src=\"https:\/\/vis.ba\/wp-content\/uploads\/2025\/04\/Masinska-pozicija-30-640x450.jpg\" width=\"640\" height=\"450\" alt=\"Masinska-pozicija-30\" title=\"Masinska-pozicija-30\" \/>                   <\/div>\r\n                <\/div>\r\n                        <div class=\"grid-sizer col-xl-6 col-lg-6 col-md-4 col-sm-6 col-12\"><\/div>\r\n        <\/div>\r\n    <\/div>\r\n\t\t\t\t<\/div>\n\t\t\t\t<\/div>\n\t\t\t\t<\/div>\n\t\t\t\t\t<\/div>\n\t\t\t\t<\/div>\n\t\t\t\t<\/div>\n\t\t","protected":false},"excerpt":{"rendered":"<p>Proizvodi Tehni\u010dki proizvodi Ma\u0161inske pozicije Proizvodi \u0161iroke potro\u0161nje Na\u0161a alatnica je mjesto gdje ideje postaju funkcionalna rje\u0161enja, a slo\u017eenost i pouzdanost alata vidljiva je ve\u0107 na prvi pogled. + + + + + + + +<\/p>\n","protected":false},"author":1,"featured_media":0,"parent":0,"menu_order":0,"comment_status":"closed","ping_status":"closed","template":"","meta":{"_eb_attr":"","footnotes":""},"class_list":["post-19262","page","type-page","status-publish","hentry"],"_links":{"self":[{"href":"https:\/\/vis.ba\/ba\/wp-json\/wp\/v2\/pages\/19262","targetHints":{"allow":["GET"]}}],"collection":[{"href":"https:\/\/vis.ba\/ba\/wp-json\/wp\/v2\/pages"}],"about":[{"href":"https:\/\/vis.ba\/ba\/wp-json\/wp\/v2\/types\/page"}],"author":[{"embeddable":true,"href":"https:\/\/vis.ba\/ba\/wp-json\/wp\/v2\/users\/1"}],"replies":[{"embeddable":true,"href":"https:\/\/vis.ba\/ba\/wp-json\/wp\/v2\/comments?post=19262"}],"version-history":[{"count":98,"href":"https:\/\/vis.ba\/ba\/wp-json\/wp\/v2\/pages\/19262\/revisions"}],"predecessor-version":[{"id":21727,"href":"https:\/\/vis.ba\/ba\/wp-json\/wp\/v2\/pages\/19262\/revisions\/21727"}],"wp:attachment":[{"href":"https:\/\/vis.ba\/ba\/wp-json\/wp\/v2\/media?parent=19262"}],"curies":[{"name":"wp","href":"https:\/\/api.w.org\/{rel}","templated":true}]}}