{"id":4214,"date":"2021-11-30T13:11:11","date_gmt":"2021-11-30T13:11:11","guid":{"rendered":"https:\/\/demo.casethemes.net\/industo\/?page_id=4214"},"modified":"2025-06-10T16:58:48","modified_gmt":"2025-06-10T16:58:48","slug":"esg","status":"publish","type":"page","link":"https:\/\/vis.ba\/ba\/esg\/","title":{"rendered":"Dru\u0161tvena odgovornost"},"content":{"rendered":"\t\t<div data-elementor-type=\"wp-page\" data-elementor-id=\"4214\" class=\"elementor elementor-4214\" data-elementor-post-type=\"page\">\n\t\t\t\t<div data-particle_enable=\"false\" data-particle-mobile-disabled=\"false\" class=\"elementor-element elementor-element-720d245 e-flex e-con-boxed e-con e-parent\" data-id=\"720d245\" data-element_type=\"container\">\n\t\t\t\t\t<div class=\"e-con-inner\">\n\t\t\t\t<div class=\"elementor-element elementor-element-5975319 elementor-widget elementor-widget-ct_heading\" data-id=\"5975319\" data-element_type=\"widget\" data-widget_type=\"ct_heading.default\">\n\t\t\t\t<div class=\"elementor-widget-container\">\n\t\t\t\t\t<div id=\"ct_heading-5975319\" class=\"ct-heading h-align-left item-st-default\">\r\n    <div class=\"heading-wrapper\">\r\n        <div class=\"inner-heading\">\r\n                          \t                <p class=\"item--title case-animate-time st-default \" data-wow-delay=\"ms\">\r\n                    <span><h3>ESG \u2013 Na\u0161a odgovornost prema budu\u0107nosti\n<\/span>                <\/p>\r\n        <\/div>\r\n    <\/div>\r\n<\/div>\r\n\t\t\t\t<\/div>\n\t\t\t\t<\/div>\n\t\t\t\t\t<\/div>\n\t\t\t\t<\/div>\n\t\t<div data-particle_enable=\"false\" data-particle-mobile-disabled=\"false\" class=\"elementor-element elementor-element-85d423a e-flex e-con-boxed e-con e-parent\" data-id=\"85d423a\" data-element_type=\"container\">\n\t\t\t\t\t<div class=\"e-con-inner\">\n\t\t\t\t<div class=\"elementor-element elementor-element-fbbb32d elementor-widget elementor-widget-text-editor\" data-id=\"fbbb32d\" data-element_type=\"widget\" data-widget_type=\"text-editor.default\">\n\t\t\t\t<div class=\"elementor-widget-container\">\n\t\t\t\t\t\t\t\t\t<p>U VIS-u vjerujemo da je odr\u017eivost klju\u010d dugoro\u010dnog uspjeha. Na\u0161 ESG pristup temelji se na aktivnoj brizi za \u017eivotnu sredinu, dru\u0161tvenu odgovornost i visok nivo korporativnog upravljanja.<\/p><h5>E \u2013 Environment (Za\u0161tita \u017eivotne sredine)<\/h4><p>Poslujemo s jasnim ciljem da smanjimo negativan uticaj na okolinu. Na\u0161i proizvodni procesi su visoko automatizovani, \u010dime smanjujemo potro\u0161nju energije i koli\u010dinu otpada. Plastiku obra\u0111ujemo sa visokim stepenom iskori\u0161tenosti materijala, a sve vi\u0161kove recikliramo ili ponovo koristimo u procesu. Kontinuirano ula\u017eemo u efikasnije tehnologije i energetsku optimizaciju.<\/p><h5>S \u2013 Social (Dru\u0161tvena odgovornost)<\/h4><p>Na\u0161i zaposleni su klju\u010d na\u0161e snage. Kreiramo sigurno i podsticajno radno okru\u017eenje, ula\u017eemo u stru\u010dno usavr\u0161avanje i po\u0161tujemo visoke standarde za\u0161tite na radu. Ponosni smo na otvorenu komunikaciju, ravnopravnost i podr\u0161ku zajednici kroz zapo\u0161ljavanje, saradnju sa \u0161kolama i podr\u0161ku lokalnim inicijativama.<\/p><h5>G \u2013 Governance (Upravljanje i etika)<\/h4><p>Upravljanje preduze\u0107em se zasniva na principima odgovornosti, transparentnosti i zakonitog poslovanja. Posve\u0107eni smo eti\u010dkom dono\u0161enju odluka, dugoro\u010dnom razvoju i uskla\u0111enosti sa relevantnim standardima i propisima. Svi na\u0161i procesi su podlo\u017eni stalnom nadzoru i unapre\u0111enju.<\/p>\t\t\t\t\t\t\t\t<\/div>\n\t\t\t\t<\/div>\n\t\t\t\t\t<\/div>\n\t\t\t\t<\/div>\n\t\t<div data-particle_enable=\"false\" data-particle-mobile-disabled=\"false\" class=\"elementor-element elementor-element-b9678af e-flex e-con-boxed e-con e-parent\" data-id=\"b9678af\" data-element_type=\"container\">\n\t\t\t\t\t<div class=\"e-con-inner\">\n\t\t\t\t<div class=\"elementor-element elementor-element-2c18b86 elementor-widget elementor-widget-ct_blog_grid\" data-id=\"2c18b86\" data-element_type=\"widget\" data-widget_type=\"ct_blog_grid.default\">\n\t\t\t\t<div class=\"elementor-widget-container\">\n\t\t\t\t\t\r\n<div id=\"ct_blog_grid-2c18b86\" class=\"ct-grid ct-blog-grid ct-blog-grid-layout4\" data-layout=\"masonry\" data-start-page=\"1\" data-max-pages=\"1\" data-total=\"3\" data-perpage=\"6\" data-next-link=\"\">\r\n    <div class=\"ct-grid-overlay\"><\/div>\r\n        <div class=\"ct-grid-inner ct-grid-masonry row animate-time\" data-gutter=\"15\">\r\n                            <div class=\"grid-item col-xl-4 col-lg-4 col-md-4 col-sm-6 col-12 aktuelno drustvena-odgovornost\">\r\n                        <div class=\"grid-item-inner wow fadeInUp\" data-wow-duration=\"1.2s\">\r\n                                                        <div class=\"item--body\">\r\n                                <h3 class=\"item--title\"><a href=\"https:\/\/vis.ba\/ba\/obuka-i-razvoj-kadrova\/\">Obuka i razvoj kadrova<\/a><\/h3>\r\n                                                                    <div class=\"item--readmore\">\r\n                                        <a class=\"btn-readmore\" href=\"https:\/\/vis.ba\/ba\/obuka-i-razvoj-kadrova\/\">\r\n                                            <span>Detaljnije<\/span>\r\n                                            <i>+<\/i>\r\n                                        <\/a>\r\n                                    <\/div>\r\n                                                            <\/div>\r\n                        <\/div>\r\n                    <\/div>\r\n                                    <div class=\"grid-item col-xl-4 col-lg-4 col-md-4 col-sm-6 col-12 aktuelno drustvena-odgovornost\">\r\n                        <div class=\"grid-item-inner wow fadeInUp\" data-wow-duration=\"1.2s\">\r\n                                                            <div class=\"item--featured\">\r\n                                    <a href=\"https:\/\/vis.ba\/ba\/saradnja-sa-obrazovnim-institucijama\/\"><img fetchpriority=\"high\" decoding=\"async\" class=\"\" src=\"https:\/\/vis.ba\/wp-content\/uploads\/2024\/08\/post4-500x425.jpg\" width=\"500\" height=\"425\" alt=\"post4\" title=\"post4\" \/><\/a>\r\n                                                                            <ul class=\"item--meta\">\r\n                                                                                            <li class=\"item-date\"><i class=\"caseicon-calendar\"><\/i>\r\n                                                                                                        <span>19<\/span>\r\n                                                    <span>jan 2023<\/span>\r\n                                                <\/li>\r\n                                                                                        \r\n                                                                                    <\/ul>\r\n                                                                    <\/div>\r\n                                                        <div class=\"item--body\">\r\n                                <h3 class=\"item--title\"><a href=\"https:\/\/vis.ba\/ba\/saradnja-sa-obrazovnim-institucijama\/\">Saradnja sa obrazovnim institucijama<\/a><\/h3>\r\n                                                                    <div class=\"item--readmore\">\r\n                                        <a class=\"btn-readmore\" href=\"https:\/\/vis.ba\/ba\/saradnja-sa-obrazovnim-institucijama\/\">\r\n                                            <span>Detaljnije<\/span>\r\n                                            <i>+<\/i>\r\n                                        <\/a>\r\n                                    <\/div>\r\n                                                            <\/div>\r\n                        <\/div>\r\n                    <\/div>\r\n                                    <div class=\"grid-item col-xl-4 col-lg-4 col-md-4 col-sm-6 col-12 aktuelno drustvena-odgovornost\">\r\n                        <div class=\"grid-item-inner wow fadeInUp\" data-wow-duration=\"1.2s\">\r\n                                                            <div class=\"item--featured\">\r\n                                    <a href=\"https:\/\/vis.ba\/ba\/zero-waste-odgovorna-proizvodnja-bez-kompromisa\/\"><img decoding=\"async\" class=\"\" src=\"https:\/\/vis.ba\/wp-content\/uploads\/2025\/04\/zero-500x425.jpg\" width=\"500\" height=\"425\" alt=\"zero\" title=\"zero\" \/><\/a>\r\n                                                                            <ul class=\"item--meta\">\r\n                                                                                            <li class=\"item-date\"><i class=\"caseicon-calendar\"><\/i>\r\n                                                                                                        <span>20<\/span>\r\n                                                    <span>dec 2022<\/span>\r\n                                                <\/li>\r\n                                                                                        \r\n                                                                                    <\/ul>\r\n                                                                    <\/div>\r\n                                                        <div class=\"item--body\">\r\n                                <h3 class=\"item--title\"><a href=\"https:\/\/vis.ba\/ba\/zero-waste-odgovorna-proizvodnja-bez-kompromisa\/\">Zero Waste \u2013 odgovorna proizvodnja bez kompromisa<\/a><\/h3>\r\n                                                                    <div class=\"item--readmore\">\r\n                                        <a class=\"btn-readmore\" href=\"https:\/\/vis.ba\/ba\/zero-waste-odgovorna-proizvodnja-bez-kompromisa\/\">\r\n                                            <span>Detaljnije<\/span>\r\n                                            <i>+<\/i>\r\n                                        <\/a>\r\n                                    <\/div>\r\n                                                            <\/div>\r\n                        <\/div>\r\n                    <\/div>\r\n                                    <div class=\"grid-sizer col-xl-4 col-lg-4 col-md-4 col-sm-6 col-12\"><\/div>\r\n            <\/div>\r\n        <\/div>\t\t\t\t<\/div>\n\t\t\t\t<\/div>\n\t\t\t\t\t<\/div>\n\t\t\t\t<\/div>\n\t\t\t\t<\/div>\n\t\t","protected":false},"excerpt":{"rendered":"<p>ESG \u2013 Na\u0161a odgovornost prema budu\u0107nosti U VIS-u vjerujemo da je odr\u017eivost klju\u010d dugoro\u010dnog uspjeha. Na\u0161 ESG pristup temelji se na aktivnoj brizi za \u017eivotnu sredinu, dru\u0161tvenu odgovornost i visok nivo korporativnog upravljanja. E \u2013 Environment (Za\u0161tita \u017eivotne sredine) Poslujemo s jasnim ciljem da smanjimo negativan uticaj na okolinu. Na\u0161i proizvodni procesi su visoko automatizovani, [&hellip;]<\/p>\n","protected":false},"author":1,"featured_media":0,"parent":0,"menu_order":0,"comment_status":"closed","ping_status":"closed","template":"","meta":{"_eb_attr":"","footnotes":""},"class_list":["post-4214","page","type-page","status-publish","hentry"],"_links":{"self":[{"href":"https:\/\/vis.ba\/ba\/wp-json\/wp\/v2\/pages\/4214","targetHints":{"allow":["GET"]}}],"collection":[{"href":"https:\/\/vis.ba\/ba\/wp-json\/wp\/v2\/pages"}],"about":[{"href":"https:\/\/vis.ba\/ba\/wp-json\/wp\/v2\/types\/page"}],"author":[{"embeddable":true,"href":"https:\/\/vis.ba\/ba\/wp-json\/wp\/v2\/users\/1"}],"replies":[{"embeddable":true,"href":"https:\/\/vis.ba\/ba\/wp-json\/wp\/v2\/comments?post=4214"}],"version-history":[{"count":91,"href":"https:\/\/vis.ba\/ba\/wp-json\/wp\/v2\/pages\/4214\/revisions"}],"predecessor-version":[{"id":21486,"href":"https:\/\/vis.ba\/ba\/wp-json\/wp\/v2\/pages\/4214\/revisions\/21486"}],"wp:attachment":[{"href":"https:\/\/vis.ba\/ba\/wp-json\/wp\/v2\/media?parent=4214"}],"curies":[{"name":"wp","href":"https:\/\/api.w.org\/{rel}","templated":true}]}}