{"id":527,"date":"2021-11-12T05:13:31","date_gmt":"2021-11-12T05:13:31","guid":{"rendered":"https:\/\/demo.casethemes.net\/industo\/?page_id=527"},"modified":"2025-07-15T23:19:05","modified_gmt":"2025-07-15T23:19:05","slug":"kontakt","status":"publish","type":"page","link":"https:\/\/vis.ba\/ba\/kontakt\/","title":{"rendered":"Kontakt"},"content":{"rendered":"\t\t<div data-elementor-type=\"wp-page\" data-elementor-id=\"527\" class=\"elementor elementor-527\" data-elementor-post-type=\"page\">\n\t\t\t\t        <section data-particle_enable=\"false\" data-particle-mobile-disabled=\"false\" class=\"elementor-section elementor-top-section elementor-element elementor-element-1b37621 elementor-section-stretched elementor-section-boxed elementor-section-height-default elementor-section-height-default ct-header-fixed-none ct-column-none ct-row-scroll-none ct-row-gradient--none ct-row-container--default\" data-id=\"1b37621\" data-element_type=\"section\" data-settings=\"{&quot;stretch_section&quot;:&quot;section-stretched&quot;}\">\n            \n                        <div class=\"elementor-container elementor-column-gap-extended \">\n                    <div class=\"elementor-column elementor-col-100 elementor-top-column elementor-element elementor-element-390a499 ct-column-none col-offset-none\" data-id=\"390a499\" data-element_type=\"column\">\n        <div class=\"elementor-widget-wrap elementor-element-populated\">\n                    \n                <section data-particle_enable=\"false\" data-particle-mobile-disabled=\"false\" class=\"elementor-section elementor-inner-section elementor-element elementor-element-f135bfa elementor-section-boxed elementor-section-height-default elementor-section-height-default ct-header-fixed-none ct-column-none ct-row-scroll-none ct-row-gradient--none ct-row-container--default\" data-id=\"f135bfa\" data-element_type=\"section\">\n            \n                        <div class=\"elementor-container elementor-column-gap-extended \">\n                    <div class=\"elementor-column elementor-col-50 elementor-inner-column elementor-element elementor-element-59c5452 ct-column-none col-offset-none\" data-id=\"59c5452\" data-element_type=\"column\">\n        <div class=\"elementor-widget-wrap elementor-element-populated\">\n                    \n        \t\t<div class=\"elementor-element elementor-element-f22deeb elementor-widget elementor-widget-ct_info_box\" data-id=\"f22deeb\" data-element_type=\"widget\" data-widget_type=\"ct_info_box.default\">\n\t\t\t\t<div class=\"elementor-widget-container\">\n\t\t\t\t\t\r\n<div id=\"ct_info_box-f22deeb\" class=\"ct-info-box layout1 wow fadeInUp\" data-wow-delay=\"ms\">\r\n    <div class=\"inner-box\">\r\n        <div class=\"meta-box\">\r\n                            <div class=\"item--icon icon-shakeThatBooty\">\r\n                    <i aria-hidden=\"true\" class=\"fas fa-info-circle\"><\/i>                <\/div>\r\n                                    <div class=\"item--meta\">\r\n                <h3 class=\"item--title\">\r\n                    IMPRESSUM                <\/h3>\r\n                <div class=\"sub-title\">\r\n                                    <\/div>\r\n            <\/div>\r\n        <\/div>\r\n                    <ul class=\"list-row\">\r\n                                        <li class=\"item--contact-info\">\r\n                            <a href=\"tel:90456789152\">                                <span class=\"ct-contact-content\">\r\n                                   <b>Osnovna djelatnost: <\/b> Proizvodnja alata, 25.73 <br>\n<b>JIB: <\/b> 4400903390002 <br>\n<b>PDV broj: <\/b> 400903390002 <br>\n<b>MBS \/ Reg. ulo\u017eak: <\/b> 1-4539-00 <br>\n<b>Mati\u010dni broj: <\/b> 01764284 <br>\n<b>EORI: <\/b>  SIBA005005LC03297 <br>\n<b>\u017diro ra\u010dun: <\/b>  <br>\n551-790-22224133-40, UniCredit bank a.d.  Banja Luka <br>\n<b>IBAN: <\/b>  BA395517904822414726 <br>\n<b>SWIFT: <\/b>  BLBABA22\n                                <\/span>\r\n                            <\/a>                       <\/li>\r\n                            <\/ul>\r\n            <\/div>\r\n<\/div>\t\t\t\t<\/div>\n\t\t\t\t<\/div>\n\t\t            <\/div>\n        <\/div>\n                <div class=\"elementor-column elementor-col-50 elementor-inner-column elementor-element elementor-element-0aaec34 ct-column-none col-offset-none\" data-id=\"0aaec34\" data-element_type=\"column\">\n        <div class=\"elementor-widget-wrap elementor-element-populated\">\n                    \n        \t\t<div class=\"elementor-element elementor-element-3124d99 elementor-widget elementor-widget-ct_info_box\" data-id=\"3124d99\" data-element_type=\"widget\" data-widget_type=\"ct_info_box.default\">\n\t\t\t\t<div class=\"elementor-widget-container\">\n\t\t\t\t\t\r\n<div id=\"ct_info_box-3124d99\" class=\"ct-info-box layout1 wow fadeInUp\" data-wow-delay=\"ms\">\r\n    <div class=\"inner-box\">\r\n        <div class=\"meta-box\">\r\n                            <div class=\"item--icon icon-Scale-Delay\">\r\n                    <i aria-hidden=\"true\" class=\"fas fa-file-download\"><\/i>                <\/div>\r\n                                    <div class=\"item--meta\">\r\n                <h3 class=\"item--title\">\r\n                    DOWNLOAD                <\/h3>\r\n                <div class=\"sub-title\">\r\n                                    <\/div>\r\n            <\/div>\r\n        <\/div>\r\n                    <ul class=\"list-row\">\r\n                                        <li class=\"item--contact-info\">\r\n                            <a href=\"https:\/\/vis.ba\/wp-content\/uploads\/2025\/07\/PIB-VIS.pdf\">                                <span class=\"ct-contact-content\">\r\n                                   PDV broj<br>\n<br>                                <\/span>\r\n                            <\/a>                       <\/li>\r\n                                        <li class=\"item--contact-info\">\r\n                            <a href=\"https:\/\/vis.ba\/wp-content\/uploads\/2025\/05\/01-100-1334665_Main_SR.pdf\">                                <span class=\"ct-contact-content\">\r\n                                   ISO: 9001:2015<br>\n<br>                                <\/span>\r\n                            <\/a>                       <\/li>\r\n                                        <li class=\"item--contact-info\">\r\n                            <a href=\"https:\/\/vis.ba\/wp-content\/uploads\/2025\/07\/Politika-kvaliteta.pdf\">                                <span class=\"ct-contact-content\">\r\n                                   Politika kvaliteta<br>\n<br>                                <\/span>\r\n                            <\/a>                       <\/li>\r\n                                        <li class=\"item--contact-info\">\r\n                            <a href=\"https:\/\/vis.ba\/ba\/anketa-kupaca-2\/\">                                <span class=\"ct-contact-content\">\r\n                                   Anketa kupaca<br>\n<br>                                <\/span>\r\n                            <\/a>                       <\/li>\r\n                                        <li class=\"item--contact-info\">\r\n                            <a href=\"https:\/\/vis.ba\/wp-content\/uploads\/2025\/07\/KATALOG-FINAL.pdf\">                                <span class=\"ct-contact-content\">\r\n                                   Katalog  proizvoda \u0161iroke potro\u0161nje <br>\n                                <\/span>\r\n                            <\/a>                       <\/li>\r\n                            <\/ul>\r\n            <\/div>\r\n<\/div>\t\t\t\t<\/div>\n\t\t\t\t<\/div>\n\t\t            <\/div>\n        <\/div>\n                    <\/div>\n        <\/section>\n                    <\/div>\n        <\/div>\n                    <\/div>\n        <\/section>\n                <section data-particle_enable=\"false\" data-particle-mobile-disabled=\"false\" class=\"elementor-section elementor-top-section elementor-element elementor-element-63a6b79 elementor-section-stretched elementor-section-boxed elementor-section-height-default elementor-section-height-default ct-header-fixed-none ct-column-none ct-row-scroll-none ct-row-gradient--none ct-row-container--default\" data-id=\"63a6b79\" data-element_type=\"section\" id=\"map\" data-settings=\"{&quot;stretch_section&quot;:&quot;section-stretched&quot;,&quot;background_background&quot;:&quot;classic&quot;}\">\n            \n                        <div class=\"elementor-container elementor-column-gap-extended \">\n                    <div class=\"elementor-column elementor-col-100 elementor-top-column elementor-element elementor-element-9137595 ct-column-none col-offset-none\" data-id=\"9137595\" data-element_type=\"column\">\n        <div class=\"elementor-widget-wrap elementor-element-populated\">\n                    \n        \t\t<div class=\"elementor-element elementor-element-cf02c07 elementor-widget elementor-widget-google_maps\" data-id=\"cf02c07\" data-element_type=\"widget\" data-widget_type=\"google_maps.default\">\n\t\t\t\t<div class=\"elementor-widget-container\">\n\t\t\t\t\t\t\t<div class=\"elementor-custom-embed\">\n\t\t\t<iframe loading=\"lazy\"\n\t\t\t\t\tsrc=\"https:\/\/maps.google.com\/maps?q=vis%20d.o.o.&#038;t=m&#038;z=12&#038;output=embed&#038;iwloc=near\"\n\t\t\t\t\ttitle=\"vis d.o.o.\"\n\t\t\t\t\taria-label=\"vis d.o.o.\"\n\t\t\t><\/iframe>\n\t\t<\/div>\n\t\t\t\t\t\t<\/div>\n\t\t\t\t<\/div>\n\t\t            <\/div>\n        <\/div>\n                    <\/div>\n        <\/section>\n                <section data-particle_enable=\"false\" data-particle-mobile-disabled=\"false\" class=\"elementor-section elementor-top-section elementor-element elementor-element-89c9812 elementor-section-stretched elementor-section-boxed elementor-section-height-default elementor-section-height-default ct-header-fixed-none ct-column-none ct-row-scroll-none ct-row-gradient--none ct-row-container--default\" data-id=\"89c9812\" data-element_type=\"section\" data-settings=\"{&quot;stretch_section&quot;:&quot;section-stretched&quot;}\">\n            \n                        <div class=\"elementor-container elementor-column-gap-extended \">\n                    <div class=\"elementor-column elementor-col-100 elementor-top-column elementor-element elementor-element-2ba1be0 ct-column-none col-offset-none\" data-id=\"2ba1be0\" data-element_type=\"column\">\n        <div class=\"elementor-widget-wrap elementor-element-populated\">\n                    \n                <section data-particle_enable=\"false\" data-particle-mobile-disabled=\"false\" class=\"elementor-section elementor-inner-section elementor-element elementor-element-27e82f6 elementor-section-boxed elementor-section-height-default elementor-section-height-default ct-header-fixed-none ct-column-none ct-row-scroll-none ct-row-gradient--none ct-row-container--default\" data-id=\"27e82f6\" data-element_type=\"section\">\n            \n                        <div class=\"elementor-container elementor-column-gap-extended \">\n                    <div class=\"elementor-column elementor-col-33 elementor-inner-column elementor-element elementor-element-557eec1 ct-column-none col-offset-none\" data-id=\"557eec1\" data-element_type=\"column\">\n        <div class=\"elementor-widget-wrap elementor-element-populated\">\n                    \n        \t\t<div class=\"elementor-element elementor-element-d487ae2 elementor-widget elementor-widget-ct_info_box\" data-id=\"d487ae2\" data-element_type=\"widget\" data-widget_type=\"ct_info_box.default\">\n\t\t\t\t<div class=\"elementor-widget-container\">\n\t\t\t\t\t\r\n<div id=\"ct_info_box-d487ae2\" class=\"ct-info-box layout1 wow fadeInUp\" data-wow-delay=\"ms\">\r\n    <div class=\"inner-box\">\r\n        <div class=\"meta-box\">\r\n                            <div class=\"item--icon icon-shakeThatBooty\">\r\n                    <i aria-hidden=\"true\" class=\"far fa-building\"><\/i>                <\/div>\r\n                                    <div class=\"item--meta\">\r\n                <h3 class=\"item--title\">\r\n                    Sjedi\u0161te                <\/h3>\r\n                <div class=\"sub-title\">\r\n                                    <\/div>\r\n            <\/div>\r\n        <\/div>\r\n                    <ul class=\"list-row\">\r\n                                        <li class=\"item--contact-info\">\r\n                            <a href=\"tel:90456789152\">                                <span class=\"ct-contact-content\">\r\n                                   Rami\u0107i bb<br>\n78000 Banja Luka<br>\nBosna i Hercegovina\n\n                                <\/span>\r\n                            <\/a>                       <\/li>\r\n                                        <li class=\"item--contact-info\">\r\n                                                            <span class=\"ct-contact-content\">\r\n                                   info@vis.ba                                <\/span>\r\n                                                   <\/li>\r\n                                        <li class=\"item--contact-info\">\r\n                                                            <span class=\"ct-contact-content\">\r\n                                   +387 51 358 400<br>\n+387 51 358 404                                <\/span>\r\n                                                   <\/li>\r\n                            <\/ul>\r\n            <\/div>\r\n<\/div>\t\t\t\t<\/div>\n\t\t\t\t<\/div>\n\t\t            <\/div>\n        <\/div>\n                <div class=\"elementor-column elementor-col-33 elementor-inner-column elementor-element elementor-element-96aeac2 ct-column-none col-offset-none\" data-id=\"96aeac2\" data-element_type=\"column\">\n        <div class=\"elementor-widget-wrap elementor-element-populated\">\n                    \n        \t\t<div class=\"elementor-element elementor-element-8df843d elementor-widget elementor-widget-ct_info_box\" data-id=\"8df843d\" data-element_type=\"widget\" data-widget_type=\"ct_info_box.default\">\n\t\t\t\t<div class=\"elementor-widget-container\">\n\t\t\t\t\t\r\n<div id=\"ct_info_box-8df843d\" class=\"ct-info-box layout1 wow fadeInUp\" data-wow-delay=\"ms\">\r\n    <div class=\"inner-box\">\r\n        <div class=\"meta-box\">\r\n                            <div class=\"item--icon icon-Scale-Delay\">\r\n                    <i aria-hidden=\"true\" class=\"fas fa-truck-loading\"><\/i>                <\/div>\r\n                                    <div class=\"item--meta\">\r\n                <h3 class=\"item--title\">\r\n                    Veleprodaja                <\/h3>\r\n                <div class=\"sub-title\">\r\n                                    <\/div>\r\n            <\/div>\r\n        <\/div>\r\n                    <ul class=\"list-row\">\r\n                                        <li class=\"item--contact-info\">\r\n                            <a href=\"#map\">                                <span class=\"ct-contact-content\">\r\n                                   Rami\u0107i bb<br>\n78000 Banja Luka<br>\nBosna i Hercegovina                                <\/span>\r\n                            <\/a>                       <\/li>\r\n                                        <li class=\"item--contact-info\">\r\n                                                            <span class=\"ct-contact-content\">\r\n                                   veleprodaja@vis.ba                                <\/span>\r\n                                                   <\/li>\r\n                                        <li class=\"item--contact-info\">\r\n                                                            <span class=\"ct-contact-content\">\r\n                                   +387 51 321 330<br>\n+387 51 321 331                                <\/span>\r\n                                                   <\/li>\r\n                            <\/ul>\r\n            <\/div>\r\n<\/div>\t\t\t\t<\/div>\n\t\t\t\t<\/div>\n\t\t            <\/div>\n        <\/div>\n                <div class=\"elementor-column elementor-col-33 elementor-inner-column elementor-element elementor-element-4fc6b77 ct-column-none col-offset-none\" data-id=\"4fc6b77\" data-element_type=\"column\">\n        <div class=\"elementor-widget-wrap elementor-element-populated\">\n                    \n        \t\t<div class=\"elementor-element elementor-element-e547204 elementor-widget elementor-widget-ct_info_box\" data-id=\"e547204\" data-element_type=\"widget\" data-widget_type=\"ct_info_box.default\">\n\t\t\t\t<div class=\"elementor-widget-container\">\n\t\t\t\t\t\r\n<div id=\"ct_info_box-e547204\" class=\"ct-info-box layout1 wow fadeInUp\" data-wow-delay=\"ms\">\r\n    <div class=\"inner-box\">\r\n        <div class=\"meta-box\">\r\n                            <div class=\"item--icon icon-right-from-Left\">\r\n                    <i aria-hidden=\"true\" class=\"fas fa-people-arrows\"><\/i>                <\/div>\r\n                                    <div class=\"item--meta\">\r\n                <h3 class=\"item--title\">\r\n                    Maloprodaja                <\/h3>\r\n                <div class=\"sub-title\">\r\n                                    <\/div>\r\n            <\/div>\r\n        <\/div>\r\n                    <ul class=\"list-row\">\r\n                                        <li class=\"item--contact-info\">\r\n                            <a href=\"mailto:info@vis.ba\">                                <span class=\"ct-contact-content\">\r\n                                   Kara\u0111or\u0111eva 147 <br>\n78000 Banja Luka <br>\nBosna i Hercegovina\n\n\n                                <\/span>\r\n                            <\/a>                       <\/li>\r\n                                        <li class=\"item--contact-info\">\r\n                            <a href=\"mailto:industo@support.com\">                                <span class=\"ct-contact-content\">\r\n                                   info@vis.ba                                <\/span>\r\n                            <\/a>                       <\/li>\r\n                                        <li class=\"item--contact-info\">\r\n                                                            <span class=\"ct-contact-content\">\r\n                                   +387 51 228 550<br>\n\n+387 51 228 551                                <\/span>\r\n                                                   <\/li>\r\n                            <\/ul>\r\n            <\/div>\r\n<\/div>\t\t\t\t<\/div>\n\t\t\t\t<\/div>\n\t\t            <\/div>\n        <\/div>\n                    <\/div>\n        <\/section>\n                    <\/div>\n        <\/div>\n                    <\/div>\n        <\/section>\n        <div data-particle_enable=\"false\" data-particle-mobile-disabled=\"false\" class=\"elementor-element elementor-element-cf9e94e e-flex e-con-boxed e-con e-parent\" data-id=\"cf9e94e\" data-element_type=\"container\">\n\t\t\t\t\t<div class=\"e-con-inner\">\n\t\t\t\t<div class=\"elementor-element elementor-element-d01224c elementor-widget elementor-widget-heading\" data-id=\"d01224c\" data-element_type=\"widget\" data-widget_type=\"heading.default\">\n\t\t\t\t<div class=\"elementor-widget-container\">\n\t\t\t\t\t<h2 class=\"elementor-heading-title elementor-size-default\">\u017delite vi\u0161e informacija? Obratite nam se, tu smo za Vas!<\/h2>\t\t\t\t<\/div>\n\t\t\t\t<\/div>\n\t\t\t\t\t<\/div>\n\t\t\t\t<\/div>\n\t\t<div data-particle_enable=\"false\" data-particle-mobile-disabled=\"false\" class=\"elementor-element elementor-element-61c1933 e-flex e-con-boxed e-con e-parent\" data-id=\"61c1933\" data-element_type=\"container\">\n\t\t\t\t\t<div class=\"e-con-inner\">\n\t\t\t\t<div class=\"elementor-element elementor-element-b2af536 elementor-widget__width-initial e-transform elementor-widget elementor-widget-shortcode\" data-id=\"b2af536\" data-element_type=\"widget\" data-settings=\"{&quot;_transform_scale_effect&quot;:{&quot;unit&quot;:&quot;px&quot;,&quot;size&quot;:&quot;&quot;,&quot;sizes&quot;:[]},&quot;_transform_scale_effect_tablet&quot;:{&quot;unit&quot;:&quot;px&quot;,&quot;size&quot;:&quot;&quot;,&quot;sizes&quot;:[]},&quot;_transform_scale_effect_mobile&quot;:{&quot;unit&quot;:&quot;px&quot;,&quot;size&quot;:&quot;&quot;,&quot;sizes&quot;:[]}}\" data-widget_type=\"shortcode.default\">\n\t\t\t\t<div class=\"elementor-widget-container\">\n\t\t\t\t\t\t\t<div class=\"elementor-shortcode\">\t<div class=\"wpforms-container wpforms-container-full wpforms-render-modern\" id=\"wpforms-20121\"><form id=\"wpforms-form-20121\" class=\"wpforms-validate wpforms-form wpforms-ajax-form\" data-formid=\"20121\" method=\"post\" enctype=\"multipart\/form-data\" action=\"\/ba\/wp-json\/wp\/v2\/pages\/527\" data-token=\"0b6de8691ec661b0b8304df9c45ca027\" data-token-time=\"1778077574\"><noscript class=\"wpforms-error-noscript\">Please enable JavaScript in your browser to complete this form.<\/noscript><div class=\"wpforms-hidden\" id=\"wpforms-error-noscript\">Please enable JavaScript in your browser to complete this form.<\/div><div class=\"wpforms-field-container\"><div id=\"wpforms-20121-field_1-container\" class=\"wpforms-field wpforms-field-name\" data-field-id=\"1\"><label class=\"wpforms-field-label\" for=\"wpforms-20121-field_1\">Ime i prezime: <span class=\"wpforms-required-label\" aria-hidden=\"true\">*<\/span><\/label><input type=\"text\" id=\"wpforms-20121-field_1\" class=\"wpforms-field-medium wpforms-field-required\" name=\"wpforms[fields][1]\" aria-errormessage=\"wpforms-20121-field_1-error\" required><\/div><div id=\"wpforms-20121-field_2-container\" class=\"wpforms-field wpforms-field-email\" data-field-id=\"2\"><label class=\"wpforms-field-label\" for=\"wpforms-20121-field_2\">E-mail adresa: <span class=\"wpforms-required-label\" aria-hidden=\"true\">*<\/span><\/label><input type=\"email\" id=\"wpforms-20121-field_2\" class=\"wpforms-field-medium wpforms-field-required\" name=\"wpforms[fields][2]\" spellcheck=\"false\" aria-errormessage=\"wpforms-20121-field_2-error\" required><\/div><div id=\"wpforms-20121-field_3-container\" class=\"wpforms-field wpforms-field-textarea\" data-field-id=\"3\"><label class=\"wpforms-field-label\" for=\"wpforms-20121-field_3\">Poruka: <span class=\"wpforms-required-label\" aria-hidden=\"true\">*<\/span><\/label><textarea id=\"wpforms-20121-field_3\" class=\"wpforms-field-medium wpforms-field-required\" name=\"wpforms[fields][3]\" aria-errormessage=\"wpforms-20121-field_3-error\" required><\/textarea><\/div><div id=\"wpforms-20121-field_4-container\" class=\"wpforms-field wpforms-field-captcha\" data-field-id=\"4\"><label class=\"wpforms-field-label\" for=\"wpforms-20121-field_4\">Izra\u010dunaj: <span class=\"wpforms-required-label\" aria-hidden=\"true\">*<\/span><\/label>\t\t\t<div class=\"wpforms-captcha-math\">\n\t\t\t\t<span id=\"wpforms-20121-field_4-question\" class=\"wpforms-captcha-equation\">\n\t\t\t\t\t<span class=\"n1\">8<\/span>\n\t\t\t\t\t\t\t<span class=\"cal\">*<\/span>\n\t\t\t\t\t\t\t<span class=\"n2\">4<\/span>\t\t\t\t\t<span class=\"e\">=<\/span>\n\t\t\t\t<\/span>\n\t\t\t\t<input type=\"text\" id=\"wpforms-20121-field_4\" class=\"wpforms-field-medium wpforms-field-required a\" data-rule-wpf-captcha=\"math\" data-is-wrapped-field=\"1\" name=\"wpforms[fields][4][a]\" aria-errormessage=\"wpforms-20121-field_4-error\" aria-describedby=\"wpforms-20121-field_4-question\" required>\t\t\t\t<input type=\"hidden\" name=\"wpforms[fields][4][cal]\" class=\"cal\">\n\t\t\t\t<input type=\"hidden\" name=\"wpforms[fields][4][n2]\" class=\"n2\">\n\t\t\t\t<input type=\"hidden\" name=\"wpforms[fields][4][n1]\" class=\"n1\">\n\t\t\t<\/div>\n\t\t\t<\/div><\/div><!-- .wpforms-field-container --><div class=\"wpforms-submit-container\" ><input type=\"hidden\" name=\"wpforms[id]\" value=\"20121\"><input type=\"hidden\" name=\"page_title\" value=\"\"><input type=\"hidden\" name=\"page_url\" value=\"https:\/\/vis.ba\/ba\/wp-json\/wp\/v2\/pages\/527\"><input type=\"hidden\" name=\"url_referer\" value=\"\"><button type=\"submit\" name=\"wpforms[submit]\" id=\"wpforms-submit-20121\" class=\"wpforms-submit\" data-alt-text=\"\u0160aljem...\" data-submit-text=\"Po\u0161alji\" aria-live=\"assertive\" value=\"wpforms-submit\">Po\u0161alji<\/button><img decoding=\"async\" src=\"https:\/\/vis.ba\/wp-content\/plugins\/wpforms\/assets\/images\/submit-spin.svg\" class=\"wpforms-submit-spinner\" style=\"display: none;\" width=\"26\" height=\"26\" alt=\"Loading\"><\/div><\/form><\/div>  <!-- .wpforms-container --><\/div>\n\t\t\t\t\t\t<\/div>\n\t\t\t\t<\/div>\n\t\t\t\t\t<\/div>\n\t\t\t\t<\/div>\n\t\t\t\t<\/div>\n\t\t","protected":false},"excerpt":{"rendered":"<p>IMPRESSUM Osnovna djelatnost: Proizvodnja alata, 25.73 JIB: 4400903390002 PDV broj: 400903390002 MBS \/ Reg. ulo\u017eak: 1-4539-00 Mati\u010dni broj: 01764284 EORI: SIBA005005LC03297 \u017diro ra\u010dun: 551-790-22224133-40, UniCredit bank a.d. Banja Luka IBAN: BA395517904822414726 SWIFT: BLBABA22 DOWNLOAD PDV broj ISO: 9001:2015 Politika kvaliteta Anketa kupaca Katalog proizvoda \u0161iroke potro\u0161nje Sjedi\u0161te Rami\u0107i bb 78000 Banja Luka Bosna i Hercegovina [&hellip;]<\/p>\n","protected":false},"author":1,"featured_media":0,"parent":0,"menu_order":0,"comment_status":"closed","ping_status":"closed","template":"","meta":{"_eb_attr":"","footnotes":""},"class_list":["post-527","page","type-page","status-publish","hentry"],"_links":{"self":[{"href":"https:\/\/vis.ba\/ba\/wp-json\/wp\/v2\/pages\/527","targetHints":{"allow":["GET"]}}],"collection":[{"href":"https:\/\/vis.ba\/ba\/wp-json\/wp\/v2\/pages"}],"about":[{"href":"https:\/\/vis.ba\/ba\/wp-json\/wp\/v2\/types\/page"}],"author":[{"embeddable":true,"href":"https:\/\/vis.ba\/ba\/wp-json\/wp\/v2\/users\/1"}],"replies":[{"embeddable":true,"href":"https:\/\/vis.ba\/ba\/wp-json\/wp\/v2\/comments?post=527"}],"version-history":[{"count":191,"href":"https:\/\/vis.ba\/ba\/wp-json\/wp\/v2\/pages\/527\/revisions"}],"predecessor-version":[{"id":22189,"href":"https:\/\/vis.ba\/ba\/wp-json\/wp\/v2\/pages\/527\/revisions\/22189"}],"wp:attachment":[{"href":"https:\/\/vis.ba\/ba\/wp-json\/wp\/v2\/media?parent=527"}],"curies":[{"name":"wp","href":"https:\/\/api.w.org\/{rel}","templated":true}]}}