{"id":17117,"date":"2004-02-19T15:13:42","date_gmt":"2004-02-19T15:13:42","guid":{"rendered":"https:\/\/vis.ba\/product\/frigo-2-l\/"},"modified":"2025-05-26T18:18:01","modified_gmt":"2025-05-26T18:18:01","slug":"frigo-2-l","status":"publish","type":"product","link":"https:\/\/vis.ba\/ba\/product\/frigo-2-l\/","title":{"rendered":"Frigo 2 l"},"content":{"rendered":"","protected":false},"excerpt":{"rendered":"<table class=\"woocommerce-product-attributes shop_attributes\">\n<tbody>\n<tr class=\"woocommerce-product-attributes-item woocommerce-product-attributes-item--attribute_pa_duzina\">\n<th class=\"woocommerce-product-attributes-item__label\">Du\u017eina(mm):<\/th>\n<td class=\"woocommerce-product-attributes-item__value\"><a href=\"https:\/\/vis.ba\/duzina\/230\/\" rel=\"tag\">230<\/a><\/td>\n<\/tr>\n<tr class=\"woocommerce-product-attributes-item woocommerce-product-attributes-item--attribute_pa_sirina\">\n<th class=\"woocommerce-product-attributes-item__label\">\u0160irina(mm):<\/th>\n<td class=\"woocommerce-product-attributes-item__value\"><a href=\"https:\/\/vis.ba\/sirina\/160\/\" rel=\"tag\">160<\/a><\/td>\n<\/tr>\n<tr class=\"woocommerce-product-attributes-item woocommerce-product-attributes-item--attribute_pa_visina\">\n<th class=\"woocommerce-product-attributes-item__label\">Visina(mm):<\/th>\n<td class=\"woocommerce-product-attributes-item__value\"><a href=\"https:\/\/vis.ba\/visina\/100\/\" rel=\"tag\">100<\/a><\/td>\n<\/tr>\n<tr class=\"woocommerce-product-attributes-item woocommerce-product-attributes-item--attribute_pa_zapremina-l\">\n<th class=\"woocommerce-product-attributes-item__label\">Zapremina(l):<\/th>\n<td class=\"woocommerce-product-attributes-item__value\"><a href=\"https:\/\/vis.ba\/zapremina-l\/2\/\" rel=\"tag\">2<\/a><\/td>\n<\/tr>\n<tr class=\"woocommerce-product-attributes-item woocommerce-product-attributes-item--attribute_pa_pakovanje\">\n<th class=\"woocommerce-product-attributes-item__label\">Pakovanje(kom):<\/th>\n<td class=\"woocommerce-product-attributes-item__value\"><a href=\"https:\/\/vis.ba\/pakovanje\/6\/\" rel=\"tag\">6<\/a><\/td>\n<\/tr>\n<tr class=\"woocommerce-product-attributes-item woocommerce-product-attributes-item--attribute_pa_boja\">\n<th class=\"woocommerce-product-attributes-item__label\">Boja:<\/th>\n<td class=\"woocommerce-product-attributes-item__value\">bijela, crvena, kivi, ljubi\u010dasta, narand\u017easta, plava, siva, tirkizna, vanila \u017euta, \u017euta<\/td>\n<\/tr>\n<\/tbody>\n<\/table>\n","protected":false},"featured_media":17116,"template":"","meta":{"_eb_attr":""},"product_brand":[],"product_cat":[74],"product_tag":[],"class_list":{"0":"post-17117","1":"product","2":"type-product","3":"status-publish","4":"has-post-thumbnail","6":"product_cat-kuhinja","8":"first","9":"instock","10":"shipping-taxable","11":"product-type-simple"},"_links":{"self":[{"href":"https:\/\/vis.ba\/ba\/wp-json\/wp\/v2\/product\/17117","targetHints":{"allow":["GET"]}}],"collection":[{"href":"https:\/\/vis.ba\/ba\/wp-json\/wp\/v2\/product"}],"about":[{"href":"https:\/\/vis.ba\/ba\/wp-json\/wp\/v2\/types\/product"}],"wp:featuredmedia":[{"embeddable":true,"href":"https:\/\/vis.ba\/ba\/wp-json\/wp\/v2\/media\/17116"}],"wp:attachment":[{"href":"https:\/\/vis.ba\/ba\/wp-json\/wp\/v2\/media?parent=17117"}],"wp:term":[{"taxonomy":"product_brand","embeddable":true,"href":"https:\/\/vis.ba\/ba\/wp-json\/wp\/v2\/product_brand?post=17117"},{"taxonomy":"product_cat","embeddable":true,"href":"https:\/\/vis.ba\/ba\/wp-json\/wp\/v2\/product_cat?post=17117"},{"taxonomy":"product_tag","embeddable":true,"href":"https:\/\/vis.ba\/ba\/wp-json\/wp\/v2\/product_tag?post=17117"}],"curies":[{"name":"wp","href":"https:\/\/api.w.org\/{rel}","templated":true}]}}