{"id":18225,"date":"2000-02-19T15:32:45","date_gmt":"2000-02-19T15:32:45","guid":{"rendered":"https:\/\/vis.ba\/product\/kanta-10-l\/"},"modified":"2025-06-25T12:54:19","modified_gmt":"2025-06-25T12:54:19","slug":"kanta-10-l","status":"publish","type":"product","link":"https:\/\/vis.ba\/ba\/product\/kanta-10-l\/","title":{"rendered":"Kanta 10 l"},"content":{"rendered":"","protected":false},"excerpt":{"rendered":"<table class=\"woocommerce-product-attributes shop_attributes\">\n<tbody>\n<tr class=\"woocommerce-product-attributes-item woocommerce-product-attributes-item--attribute_pa_visina\">\n<th class=\"woocommerce-product-attributes-item__label\">Visina(mm):<\/th>\n<td class=\"woocommerce-product-attributes-item__value\"><a href=\"https:\/\/vis.ba\/visina\/280\/\" rel=\"tag\">280<\/a><\/td>\n<\/tr>\n<tr class=\"woocommerce-product-attributes-item woocommerce-product-attributes-item--attribute_pa_dijametar\">\n<th class=\"woocommerce-product-attributes-item__label\">Obim(\u00d8):<\/th>\n<td class=\"woocommerce-product-attributes-item__value\"><a href=\"https:\/\/vis.ba\/dijametar\/270\/\" rel=\"tag\">270<\/a><\/td>\n<\/tr>\n<tr class=\"woocommerce-product-attributes-item woocommerce-product-attributes-item--attribute_pa_zapremina-l\">\n<th class=\"woocommerce-product-attributes-item__label\">Zapremina(l):<\/th>\n<td class=\"woocommerce-product-attributes-item__value\"><a href=\"https:\/\/vis.ba\/zapremina-l\/10\/\" rel=\"tag\">10<\/a><\/td>\n<\/tr>\n<tr class=\"woocommerce-product-attributes-item woocommerce-product-attributes-item--attribute_pa_pakovanje\">\n<th class=\"woocommerce-product-attributes-item__label\">Pakovanje(kom):<\/th>\n<td class=\"woocommerce-product-attributes-item__value\"><a href=\"https:\/\/vis.ba\/pakovanje\/6\/\" rel=\"tag\">6<\/a><\/td>\n<\/tr>\n<tr class=\"woocommerce-product-attributes-item woocommerce-product-attributes-item--attribute_pa_boja\">\n<th class=\"woocommerce-product-attributes-item__label\">Boja:<\/th>\n<td class=\"woocommerce-product-attributes-item__value\">be\u017e, crvena, kivi, ljubi\u010dasta, narand\u017easta, plava, siva, tirkizna<\/td>\n<\/tr>\n<\/tbody>\n<\/table>\n","protected":false},"featured_media":18224,"template":"","meta":{"_eb_attr":""},"product_brand":[],"product_cat":[80],"product_tag":[],"class_list":{"0":"post-18225","1":"product","2":"type-product","3":"status-publish","4":"has-post-thumbnail","6":"product_cat-zimnica","8":"first","9":"instock","10":"shipping-taxable","11":"product-type-simple"},"_links":{"self":[{"href":"https:\/\/vis.ba\/ba\/wp-json\/wp\/v2\/product\/18225","targetHints":{"allow":["GET"]}}],"collection":[{"href":"https:\/\/vis.ba\/ba\/wp-json\/wp\/v2\/product"}],"about":[{"href":"https:\/\/vis.ba\/ba\/wp-json\/wp\/v2\/types\/product"}],"wp:featuredmedia":[{"embeddable":true,"href":"https:\/\/vis.ba\/ba\/wp-json\/wp\/v2\/media\/18224"}],"wp:attachment":[{"href":"https:\/\/vis.ba\/ba\/wp-json\/wp\/v2\/media?parent=18225"}],"wp:term":[{"taxonomy":"product_brand","embeddable":true,"href":"https:\/\/vis.ba\/ba\/wp-json\/wp\/v2\/product_brand?post=18225"},{"taxonomy":"product_cat","embeddable":true,"href":"https:\/\/vis.ba\/ba\/wp-json\/wp\/v2\/product_cat?post=18225"},{"taxonomy":"product_tag","embeddable":true,"href":"https:\/\/vis.ba\/ba\/wp-json\/wp\/v2\/product_tag?post=18225"}],"curies":[{"name":"wp","href":"https:\/\/api.w.org\/{rel}","templated":true}]}}