{"id":19256,"date":"2025-03-14T08:42:42","date_gmt":"2025-03-14T08:42:42","guid":{"rendered":"https:\/\/vis.ba\/?page_id=19256"},"modified":"2025-06-20T11:56:06","modified_gmt":"2025-06-20T11:56:06","slug":"tehnicki-proizvodi","status":"publish","type":"page","link":"https:\/\/vis.ba\/de\/tehnicki-proizvodi\/","title":{"rendered":"Technische Produkte"},"content":{"rendered":"<div data-elementor-type=\"wp-page\" data-elementor-id=\"19256\" class=\"elementor elementor-19256\" data-elementor-post-type=\"page\">\n\t\t\t\t<div data-particle_enable=\"false\" data-particle-mobile-disabled=\"false\" class=\"elementor-element elementor-element-a84b675 e-flex e-con-boxed e-con e-parent\" data-id=\"a84b675\" data-element_type=\"container\">\n\t\t\t\t\t<div class=\"e-con-inner\">\n\t\t<div data-particle_enable=\"false\" data-particle-mobile-disabled=\"false\" class=\"elementor-element elementor-element-0f82d8b e-con-full e-flex e-con e-child\" data-id=\"0f82d8b\" data-element_type=\"container\">\n\t\t\t\t<div class=\"elementor-element elementor-element-9f3c3f6 elementor-widget elementor-widget-ct_download\" data-id=\"9f3c3f6\" data-element_type=\"widget\" data-widget_type=\"ct_download.default\">\n\t\t\t\t<div class=\"elementor-widget-container\">\n\t\t\t\t\t    <div class=\"ct-download layout2 box-sidebar\">\r\n                    <h3 class=\"entry-title\">\r\n                Produkte    \r\n            <\/h3>\r\n                            <div class=\"item--download\">\r\n            \t<a href=\"https:\/\/vis.ba\/de\/alati\/\">\r\n\t            \tWerkzeuge\t            \t\t            \t\t\t\t\t        <span class=\"ct-contact-icon\">\r\n\t\t\t                \t\t\t                \t\t\t\t        <\/span>\r\n\t\t\t\t    \t                \t            <\/a>\r\n           <\/div>\r\n                    <div class=\"item--download\">\r\n            \t<a href=\"https:\/\/vis.ba\/de\/masinske-pozicije\/\">\r\n\t            \tMaschinenpositionen\t            \t\t            \t\t\t\t\t        <span class=\"ct-contact-icon\">\r\n\t\t\t                \t\t\t                \t\t\t\t        <\/span>\r\n\t\t\t\t    \t                \t            <\/a>\r\n           <\/div>\r\n                    <div class=\"item--download\">\r\n            \t<a href=\"https:\/\/vis.ba\/de\/proizvodi-siroke-potrosnje\/\">\r\n\t            \tKonsumg\u00fcter\t            \t\t            \t\t\t\t\t        <span class=\"ct-contact-icon\">\r\n\t\t\t                \t\t\t                \t\t\t\t        <\/span>\r\n\t\t\t\t    \t                \t            <\/a>\r\n           <\/div>\r\n            <\/div>\r\n\t\t\t\t<\/div>\n\t\t\t\t<\/div>\n\t\t\t\t<\/div>\n\t\t<div data-particle_enable=\"false\" data-particle-mobile-disabled=\"false\" class=\"elementor-element elementor-element-4b5ef6c e-con-full e-flex e-con e-child\" data-id=\"4b5ef6c\" data-element_type=\"container\">\n\t\t\t\t<div class=\"elementor-element elementor-element-38ee08a elementor-widget elementor-widget-ct_heading\" data-id=\"38ee08a\" data-element_type=\"widget\" data-widget_type=\"ct_heading.default\">\n\t\t\t\t<div class=\"elementor-widget-container\">\n\t\t\t\t\t<div id=\"ct_heading-38ee08a\" class=\"ct-heading h-align-left item-st-default\">\r\n    <div class=\"heading-wrapper\">\r\n        <div class=\"inner-heading\">\r\n                          \t                <h6 class=\"item--title case-animate-time st-default wow fadeIn\" data-wow-delay=\"ms\">\r\n                    <span>St\u00f6bern Sie durch technische Kunststoffkomponenten, die t\u00e4glich in verschiedenen Branchen zum Einsatz kommen.<\/span>                <\/h6>\r\n        <\/div>\r\n    <\/div>\r\n<\/div>\r\n\t\t\t\t<\/div>\n\t\t\t\t<\/div>\n\t\t\t\t\t\t\t<div data-eael_duration=\"{&quot;transitionDuration&quot;:1000}\" data-eael_easing=\"{&quot;transitionEasing&quot;:&quot;ease&quot;}\" data-eael_scale_hover_effect=\"{&quot;scale_x&quot;:0.9,&quot;scale_y&quot;:0.9}\" data-eael_hover_duration=\"{&quot;transitionDuration&quot;:1000}\" data-eael_hover_easing=\"{&quot;transitionEasing&quot;:&quot;ease&quot;}\" class=\"eael_hover_effect elementor-element elementor-element-70198bf elementor-widget elementor-widget-ct_gallery_grid\" data-id=\"70198bf\" data-element_type=\"widget\" data-settings=\"{&quot;eael_hover_effect_transform_popover&quot;:&quot;yes&quot;,&quot;eael_hover_effect_transform_hover_popover&quot;:&quot;yes&quot;,&quot;eael_hover_effect_general_settings_easing&quot;:&quot;ease&quot;,&quot;eael_hover_effect_general_settings_hover_easing&quot;:&quot;ease&quot;}\" data-widget_type=\"ct_gallery_grid.default\">\n\t\t\t\t<div class=\"elementor-widget-container\">\n\t\t\t\t\t    <div class=\"ct-grid ct-gallery-grid1\">\r\n        <div class=\"ct-grid-inner ct-grid-masonry row animate-time\" data-gutter=\"7\">\r\n                            <div class=\"grid-item col-xl-6 col-lg-3 col-md-4 col-sm-6 col-12\">\r\n                    <div class=\"item--inner wow fadeIn\" data-wow-duration=\"1.2s\">\r\n                        <a href=\"https:\/\/vis.ba\/wp-content\/uploads\/2025\/04\/Tehnicka-plastika2.jpg\"><i>+<\/i><\/a>\r\n                        <img fetchpriority=\"high\" decoding=\"async\" class=\"no-lazyload\" src=\"https:\/\/vis.ba\/wp-content\/uploads\/2025\/04\/Tehnicka-plastika2-640x450.jpg\" width=\"640\" height=\"450\" alt=\"Tehnicka-plastika2\" title=\"Tehnicka-plastika2\" \/>                   <\/div>\r\n                <\/div>\r\n                            <div class=\"grid-item col-xl-6 col-lg-3 col-md-4 col-sm-6 col-12\">\r\n                    <div class=\"item--inner wow fadeIn\" data-wow-duration=\"1.2s\">\r\n                        <a href=\"https:\/\/vis.ba\/wp-content\/uploads\/2025\/04\/Tehnicka-plastika1.jpg\"><i>+<\/i><\/a>\r\n                        <img decoding=\"async\" class=\"no-lazyload\" src=\"https:\/\/vis.ba\/wp-content\/uploads\/2025\/04\/Tehnicka-plastika1-640x450.jpg\" width=\"640\" height=\"450\" alt=\"Tehnicka-plastika1\" title=\"Tehnicka-plastika1\" \/>                   <\/div>\r\n                <\/div>\r\n                            <div class=\"grid-item col-xl-6 col-lg-3 col-md-4 col-sm-6 col-12\">\r\n                    <div class=\"item--inner wow fadeIn\" data-wow-duration=\"1.2s\">\r\n                        <a href=\"https:\/\/vis.ba\/wp-content\/uploads\/2025\/04\/Pozicija-11.jpg\"><i>+<\/i><\/a>\r\n                        <img decoding=\"async\" class=\"no-lazyload\" src=\"https:\/\/vis.ba\/wp-content\/uploads\/2025\/04\/Pozicija-11-640x450.jpg\" width=\"640\" height=\"450\" alt=\"Pozicija-11\" title=\"Pozicija-11\" \/>                   <\/div>\r\n                <\/div>\r\n                            <div class=\"grid-item col-xl-6 col-lg-3 col-md-4 col-sm-6 col-12\">\r\n                    <div class=\"item--inner wow fadeIn\" data-wow-duration=\"1.2s\">\r\n                        <a href=\"https:\/\/vis.ba\/wp-content\/uploads\/2025\/04\/Pozicija-10.jpg\"><i>+<\/i><\/a>\r\n                        <img loading=\"lazy\" decoding=\"async\" class=\"no-lazyload\" src=\"https:\/\/vis.ba\/wp-content\/uploads\/2025\/04\/Pozicija-10-640x450.jpg\" width=\"640\" height=\"450\" alt=\"Pozicija-10\" title=\"Pozicija-10\" \/>                   <\/div>\r\n                <\/div>\r\n                            <div class=\"grid-item col-xl-6 col-lg-3 col-md-4 col-sm-6 col-12\">\r\n                    <div class=\"item--inner wow fadeIn\" data-wow-duration=\"1.2s\">\r\n                        <a href=\"https:\/\/vis.ba\/wp-content\/uploads\/2025\/04\/Pozicija-9.jpg\"><i>+<\/i><\/a>\r\n                        <img loading=\"lazy\" decoding=\"async\" class=\"no-lazyload\" src=\"https:\/\/vis.ba\/wp-content\/uploads\/2025\/04\/Pozicija-9-640x450.jpg\" width=\"640\" height=\"450\" alt=\"Pozicija-9\" title=\"Pozicija-9\" \/>                   <\/div>\r\n                <\/div>\r\n                            <div class=\"grid-item col-xl-6 col-lg-3 col-md-4 col-sm-6 col-12\">\r\n                    <div class=\"item--inner wow fadeIn\" data-wow-duration=\"1.2s\">\r\n                        <a href=\"https:\/\/vis.ba\/wp-content\/uploads\/2025\/04\/Pozicija-8.jpg\"><i>+<\/i><\/a>\r\n                        <img loading=\"lazy\" decoding=\"async\" class=\"no-lazyload\" src=\"https:\/\/vis.ba\/wp-content\/uploads\/2025\/04\/Pozicija-8-640x450.jpg\" width=\"640\" height=\"450\" alt=\"Pozicija-8\" title=\"Pozicija-8\" \/>                   <\/div>\r\n                <\/div>\r\n                            <div class=\"grid-item col-xl-6 col-lg-3 col-md-4 col-sm-6 col-12\">\r\n                    <div class=\"item--inner wow fadeIn\" data-wow-duration=\"1.2s\">\r\n                        <a href=\"https:\/\/vis.ba\/wp-content\/uploads\/2025\/04\/Pozicija-7.jpg\"><i>+<\/i><\/a>\r\n                        <img loading=\"lazy\" decoding=\"async\" class=\"no-lazyload\" src=\"https:\/\/vis.ba\/wp-content\/uploads\/2025\/04\/Pozicija-7-640x450.jpg\" width=\"640\" height=\"450\" alt=\"Pozicija-7\" title=\"Pozicija-7\" \/>                   <\/div>\r\n                <\/div>\r\n                            <div class=\"grid-item col-xl-6 col-lg-3 col-md-4 col-sm-6 col-12\">\r\n                    <div class=\"item--inner wow fadeIn\" data-wow-duration=\"1.2s\">\r\n                        <a href=\"https:\/\/vis.ba\/wp-content\/uploads\/2025\/04\/Pozicija-6.jpg\"><i>+<\/i><\/a>\r\n                        <img loading=\"lazy\" decoding=\"async\" class=\"no-lazyload\" src=\"https:\/\/vis.ba\/wp-content\/uploads\/2025\/04\/Pozicija-6-640x450.jpg\" width=\"640\" height=\"450\" alt=\"Pozicija-6\" title=\"Pozicija-6\" \/>                   <\/div>\r\n                <\/div>\r\n                            <div class=\"grid-item col-xl-6 col-lg-3 col-md-4 col-sm-6 col-12\">\r\n                    <div class=\"item--inner wow fadeIn\" data-wow-duration=\"1.2s\">\r\n                        <a href=\"https:\/\/vis.ba\/wp-content\/uploads\/2025\/04\/Pozicija-5.jpg\"><i>+<\/i><\/a>\r\n                        <img loading=\"lazy\" decoding=\"async\" class=\"no-lazyload\" src=\"https:\/\/vis.ba\/wp-content\/uploads\/2025\/04\/Pozicija-5-640x450.jpg\" width=\"640\" height=\"450\" alt=\"Pozicija-5\" title=\"Pozicija-5\" \/>                   <\/div>\r\n                <\/div>\r\n                            <div class=\"grid-item col-xl-6 col-lg-3 col-md-4 col-sm-6 col-12\">\r\n                    <div class=\"item--inner wow fadeIn\" data-wow-duration=\"1.2s\">\r\n                        <a href=\"https:\/\/vis.ba\/wp-content\/uploads\/2025\/04\/Pozicija-4.jpg\"><i>+<\/i><\/a>\r\n                        <img loading=\"lazy\" decoding=\"async\" class=\"no-lazyload\" src=\"https:\/\/vis.ba\/wp-content\/uploads\/2025\/04\/Pozicija-4-640x450.jpg\" width=\"640\" height=\"450\" alt=\"Pozicija-4\" title=\"Pozicija-4\" \/>                   <\/div>\r\n                <\/div>\r\n                        <div class=\"grid-sizer col-xl-6 col-lg-3 col-md-4 col-sm-6 col-12\"><\/div>\r\n        <\/div>\r\n    <\/div>\r\n\t\t\t\t<\/div>\n\t\t\t\t<\/div>\n\t\t\t\t<\/div>\n\t\t\t\t\t<\/div>\n\t\t\t\t<\/div>\n\t\t\t\t<\/div>","protected":false},"excerpt":{"rendered":"<p>Proizvodi Alati Ma\u0161inske pozicije Proizvodi \u0161iroke potro\u0161nje Pregledajte tehni\u010dke komponente od plastike koje svakodnevno pronalaze primjenu u razli\u010ditim industrijama. + + + + + + + + + +<\/p>","protected":false},"author":1,"featured_media":0,"parent":0,"menu_order":0,"comment_status":"closed","ping_status":"closed","template":"","meta":{"_eb_attr":"","footnotes":""},"class_list":["post-19256","page","type-page","status-publish","hentry"],"_links":{"self":[{"href":"https:\/\/vis.ba\/de\/wp-json\/wp\/v2\/pages\/19256","targetHints":{"allow":["GET"]}}],"collection":[{"href":"https:\/\/vis.ba\/de\/wp-json\/wp\/v2\/pages"}],"about":[{"href":"https:\/\/vis.ba\/de\/wp-json\/wp\/v2\/types\/page"}],"author":[{"embeddable":true,"href":"https:\/\/vis.ba\/de\/wp-json\/wp\/v2\/users\/1"}],"replies":[{"embeddable":true,"href":"https:\/\/vis.ba\/de\/wp-json\/wp\/v2\/comments?post=19256"}],"version-history":[{"count":76,"href":"https:\/\/vis.ba\/de\/wp-json\/wp\/v2\/pages\/19256\/revisions"}],"predecessor-version":[{"id":21734,"href":"https:\/\/vis.ba\/de\/wp-json\/wp\/v2\/pages\/19256\/revisions\/21734"}],"wp:attachment":[{"href":"https:\/\/vis.ba\/de\/wp-json\/wp\/v2\/media?parent=19256"}],"curies":[{"name":"wp","href":"https:\/\/api.w.org\/{rel}","templated":true}]}}