{"id":17178,"date":"2025-02-19T15:14:50","date_gmt":"2025-02-19T15:14:50","guid":{"rendered":"https:\/\/vis.ba\/product\/frigo-3l-ovalni\/"},"modified":"2025-05-22T10:05:51","modified_gmt":"2025-05-22T10:05:51","slug":"frigo-3l-ovalni","status":"publish","type":"product","link":"https:\/\/vis.ba\/de\/product\/frigo-3l-ovalni\/","title":{"rendered":"K\u00fchlschrank 3l oval"},"content":{"rendered":"","protected":false},"excerpt":{"rendered":"<table class=\"woocommerce-product-attributes shop_attributes\">\n<tbody>\n<tr class=\"woocommerce-product-attributes-item woocommerce-product-attributes-item--attribute_pa_duzina\">\n<th class=\"woocommerce-product-attributes-item__label\">L\u00e4nge (mm):<\/th>\n<td class=\"woocommerce-product-attributes-item__value\"><a href=\"https:\/\/vis.ba\/de\/duzina\/290\/\" rel=\"tag\">290<\/a><\/td>\n<\/tr>\n<tr class=\"woocommerce-product-attributes-item woocommerce-product-attributes-item--attribute_pa_sirina\">\n<th class=\"woocommerce-product-attributes-item__label\">Breite (mm):<\/th>\n<td class=\"woocommerce-product-attributes-item__value\"><a href=\"https:\/\/vis.ba\/de\/sirina\/190\/\" rel=\"tag\">190<\/a><\/td>\n<\/tr>\n<tr class=\"woocommerce-product-attributes-item woocommerce-product-attributes-item--attribute_pa_visina\">\n<th class=\"woocommerce-product-attributes-item__label\">H\u00f6he (mm):<\/th>\n<td class=\"woocommerce-product-attributes-item__value\"><a href=\"https:\/\/vis.ba\/de\/visina\/80\/\" rel=\"tag\">80<\/a><\/td>\n<\/tr>\n<tr class=\"woocommerce-product-attributes-item woocommerce-product-attributes-item--attribute_pa_zapremina-l\">\n<th class=\"woocommerce-product-attributes-item__label\">Volumen (l):<\/th>\n<td class=\"woocommerce-product-attributes-item__value\"><a href=\"https:\/\/vis.ba\/de\/zapremina-l\/3\/\" rel=\"tag\">3<\/a><\/td>\n<\/tr>\n<tr class=\"woocommerce-product-attributes-item woocommerce-product-attributes-item--attribute_pa_pakovanje\">\n<th class=\"woocommerce-product-attributes-item__label\">Verpackung (St\u00fcck):<\/th>\n<td class=\"woocommerce-product-attributes-item__value\"><a href=\"https:\/\/vis.ba\/de\/pakovanje\/6\/\" rel=\"tag\">6<\/a><\/td>\n<\/tr>\n<tr class=\"woocommerce-product-attributes-item woocommerce-product-attributes-item--attribute_pa_boja\">\n<th class=\"woocommerce-product-attributes-item__label\">Farbe:<\/th>\n<td class=\"woocommerce-product-attributes-item__value\">bijela, crvena, kivi, ljubi\u010dasta, narand\u017easta, plava, siva, tirkizna, vanila \u017euta, \u017euta<\/td>\n<\/tr>\n<\/tbody>\n<\/table>","protected":false},"featured_media":17177,"template":"","meta":{"_eb_attr":""},"product_brand":[],"product_cat":[74],"product_tag":[],"class_list":{"0":"post-17178","1":"product","2":"type-product","3":"status-publish","4":"has-post-thumbnail","6":"product_cat-kuhinja","8":"first","9":"instock","10":"shipping-taxable","11":"product-type-simple"},"_links":{"self":[{"href":"https:\/\/vis.ba\/de\/wp-json\/wp\/v2\/product\/17178","targetHints":{"allow":["GET"]}}],"collection":[{"href":"https:\/\/vis.ba\/de\/wp-json\/wp\/v2\/product"}],"about":[{"href":"https:\/\/vis.ba\/de\/wp-json\/wp\/v2\/types\/product"}],"wp:featuredmedia":[{"embeddable":true,"href":"https:\/\/vis.ba\/de\/wp-json\/wp\/v2\/media\/17177"}],"wp:attachment":[{"href":"https:\/\/vis.ba\/de\/wp-json\/wp\/v2\/media?parent=17178"}],"wp:term":[{"taxonomy":"product_brand","embeddable":true,"href":"https:\/\/vis.ba\/de\/wp-json\/wp\/v2\/product_brand?post=17178"},{"taxonomy":"product_cat","embeddable":true,"href":"https:\/\/vis.ba\/de\/wp-json\/wp\/v2\/product_cat?post=17178"},{"taxonomy":"product_tag","embeddable":true,"href":"https:\/\/vis.ba\/de\/wp-json\/wp\/v2\/product_tag?post=17178"}],"curies":[{"name":"wp","href":"https:\/\/api.w.org\/{rel}","templated":true}]}}