{"id":17322,"date":"2025-02-19T15:17:35","date_gmt":"2025-02-19T15:17:35","guid":{"rendered":"https:\/\/vis.ba\/product\/ocjedivac-escajga-ravni\/"},"modified":"2025-05-22T09:57:09","modified_gmt":"2025-05-22T09:57:09","slug":"ocjedivac-escajga-ravni","status":"publish","type":"product","link":"https:\/\/vis.ba\/de\/product\/ocjedivac-escajga-ravni\/","title":{"rendered":"Flaches Bestecksieb"},"content":{"rendered":"","protected":false},"excerpt":{"rendered":"<table class=\"woocommerce-product-attributes shop_attributes\">\n<tbody>\n<tr class=\"woocommerce-product-attributes-item woocommerce-product-attributes-item--attribute_pa_duzina\">\n<th class=\"woocommerce-product-attributes-item__label\">L\u00e4nge (mm):<\/th>\n<td class=\"woocommerce-product-attributes-item__value\"><a href=\"https:\/\/vis.ba\/de\/duzina\/335\/\" rel=\"tag\">335<\/a><\/td>\n<\/tr>\n<tr class=\"woocommerce-product-attributes-item woocommerce-product-attributes-item--attribute_pa_sirina\">\n<th class=\"woocommerce-product-attributes-item__label\">Breite (mm):<\/th>\n<td class=\"woocommerce-product-attributes-item__value\"><a href=\"https:\/\/vis.ba\/de\/sirina\/260\/\" rel=\"tag\">260<\/a><\/td>\n<\/tr>\n<tr class=\"woocommerce-product-attributes-item woocommerce-product-attributes-item--attribute_pa_visina\">\n<th class=\"woocommerce-product-attributes-item__label\">H\u00f6he (mm):<\/th>\n<td class=\"woocommerce-product-attributes-item__value\"><a href=\"https:\/\/vis.ba\/de\/visina\/45\/\" rel=\"tag\">45<\/a><\/td>\n<\/tr>\n<tr class=\"woocommerce-product-attributes-item woocommerce-product-attributes-item--attribute_pa_pakovanje\">\n<th class=\"woocommerce-product-attributes-item__label\">Verpackung (St\u00fcck):<\/th>\n<td class=\"woocommerce-product-attributes-item__value\"><a href=\"https:\/\/vis.ba\/de\/pakovanje\/6\/\" rel=\"tag\">6<\/a><\/td>\n<\/tr>\n<tr class=\"woocommerce-product-attributes-item woocommerce-product-attributes-item--attribute_pa_boja\">\n<th class=\"woocommerce-product-attributes-item__label\">Farbe:<\/th>\n<td class=\"woocommerce-product-attributes-item__value\">be\u017e, bijela, crvena, kivi, narand\u017easta, plava, siva, sme\u0111a<\/td>\n<\/tr>\n<\/tbody>\n<\/table>","protected":false},"featured_media":17321,"template":"","meta":{"_eb_attr":""},"product_brand":[],"product_cat":[74],"product_tag":[],"class_list":{"0":"post-17322","1":"product","2":"type-product","3":"status-publish","4":"has-post-thumbnail","6":"product_cat-kuhinja","8":"first","9":"instock","10":"shipping-taxable","11":"product-type-simple"},"_links":{"self":[{"href":"https:\/\/vis.ba\/de\/wp-json\/wp\/v2\/product\/17322","targetHints":{"allow":["GET"]}}],"collection":[{"href":"https:\/\/vis.ba\/de\/wp-json\/wp\/v2\/product"}],"about":[{"href":"https:\/\/vis.ba\/de\/wp-json\/wp\/v2\/types\/product"}],"wp:featuredmedia":[{"embeddable":true,"href":"https:\/\/vis.ba\/de\/wp-json\/wp\/v2\/media\/17321"}],"wp:attachment":[{"href":"https:\/\/vis.ba\/de\/wp-json\/wp\/v2\/media?parent=17322"}],"wp:term":[{"taxonomy":"product_brand","embeddable":true,"href":"https:\/\/vis.ba\/de\/wp-json\/wp\/v2\/product_brand?post=17322"},{"taxonomy":"product_cat","embeddable":true,"href":"https:\/\/vis.ba\/de\/wp-json\/wp\/v2\/product_cat?post=17322"},{"taxonomy":"product_tag","embeddable":true,"href":"https:\/\/vis.ba\/de\/wp-json\/wp\/v2\/product_tag?post=17322"}],"curies":[{"name":"wp","href":"https:\/\/api.w.org\/{rel}","templated":true}]}}