{"id":17467,"date":"2025-02-19T15:20:17","date_gmt":"2025-02-19T15:20:17","guid":{"rendered":"https:\/\/vis.ba\/product\/vangla-15-l\/"},"modified":"2025-06-25T11:42:51","modified_gmt":"2025-06-25T11:42:51","slug":"vangla-15-l","status":"publish","type":"product","link":"https:\/\/vis.ba\/de\/product\/vangla-15-l\/","title":{"rendered":"Schiff 15l"},"content":{"rendered":"<table class=\"woocommerce-product-attributes shop_attributes\">\n<tbody>\n<tr class=\"woocommerce-product-attributes-item woocommerce-product-attributes-item--attribute_pa_sirina\">\n<th class=\"woocommerce-product-attributes-item__label\">Breite (mm):<\/th>\n<td class=\"woocommerce-product-attributes-item__value\"><a href=\"https:\/\/vis.ba\/de\/sirina\/430\/\" rel=\"tag\">430<\/a><\/td>\n<\/tr>\n<tr class=\"woocommerce-product-attributes-item woocommerce-product-attributes-item--attribute_pa_visina\">\n<th class=\"woocommerce-product-attributes-item__label\">H\u00f6he (mm):<\/th>\n<td class=\"woocommerce-product-attributes-item__value\"><a href=\"https:\/\/vis.ba\/de\/visina\/175\/\" rel=\"tag\">175<\/a><\/td>\n<\/tr>\n<tr class=\"woocommerce-product-attributes-item woocommerce-product-attributes-item--attribute_pa_dijametar\">\n<th class=\"woocommerce-product-attributes-item__label\">Umfang (\u00d8):<\/th>\n<td class=\"woocommerce-product-attributes-item__value\"><a href=\"https:\/\/vis.ba\/de\/dijametar\/405\/\" rel=\"tag\">405<\/a><\/td>\n<\/tr>\n<tr class=\"woocommerce-product-attributes-item woocommerce-product-attributes-item--attribute_pa_zapremina-l\">\n<th class=\"woocommerce-product-attributes-item__label\">Volumen (l):<\/th>\n<td class=\"woocommerce-product-attributes-item__value\"><a href=\"https:\/\/vis.ba\/de\/zapremina-l\/15\/\" rel=\"tag\">15<\/a><\/td>\n<\/tr>\n<tr class=\"woocommerce-product-attributes-item woocommerce-product-attributes-item--attribute_pa_pakovanje\">\n<th class=\"woocommerce-product-attributes-item__label\">Verpackung (St\u00fcck):<\/th>\n<td class=\"woocommerce-product-attributes-item__value\"><a href=\"https:\/\/vis.ba\/de\/pakovanje\/6\/\" rel=\"tag\">6<\/a><\/td>\n<\/tr>\n<tr class=\"woocommerce-product-attributes-item woocommerce-product-attributes-item--attribute_pa_boja\">\n<th class=\"woocommerce-product-attributes-item__label\">Farbe:<\/th>\n<td class=\"woocommerce-product-attributes-item__value\">bijela, ciklama, crvena, kajsija, kivi, ljubi\u010dasta, pink, plava, vanila \u017euta<\/td>\n<\/tr>\n<\/tbody>\n<\/table>","protected":false},"excerpt":{"rendered":"<p>\u0160irina(mm): 430 Visina(mm): 175 Obim(\u00d8): 405 Zapremina(l): 15 Pakovanje(kom): 6 Boja: bijela, ciklama, crvena, kajsija, kivi, ljubi\u010dasta, pink, plava, vanila \u017euta<\/p>","protected":false},"featured_media":17466,"template":"","meta":{"_eb_attr":""},"product_brand":[],"product_cat":[74],"product_tag":[],"class_list":{"0":"post-17467","1":"product","2":"type-product","3":"status-publish","4":"has-post-thumbnail","6":"product_cat-kuhinja","8":"first","9":"instock","10":"shipping-taxable","11":"product-type-simple"},"_links":{"self":[{"href":"https:\/\/vis.ba\/de\/wp-json\/wp\/v2\/product\/17467","targetHints":{"allow":["GET"]}}],"collection":[{"href":"https:\/\/vis.ba\/de\/wp-json\/wp\/v2\/product"}],"about":[{"href":"https:\/\/vis.ba\/de\/wp-json\/wp\/v2\/types\/product"}],"wp:featuredmedia":[{"embeddable":true,"href":"https:\/\/vis.ba\/de\/wp-json\/wp\/v2\/media\/17466"}],"wp:attachment":[{"href":"https:\/\/vis.ba\/de\/wp-json\/wp\/v2\/media?parent=17467"}],"wp:term":[{"taxonomy":"product_brand","embeddable":true,"href":"https:\/\/vis.ba\/de\/wp-json\/wp\/v2\/product_brand?post=17467"},{"taxonomy":"product_cat","embeddable":true,"href":"https:\/\/vis.ba\/de\/wp-json\/wp\/v2\/product_cat?post=17467"},{"taxonomy":"product_tag","embeddable":true,"href":"https:\/\/vis.ba\/de\/wp-json\/wp\/v2\/product_tag?post=17467"}],"curies":[{"name":"wp","href":"https:\/\/api.w.org\/{rel}","templated":true}]}}