{"id":17720,"date":"2025-02-19T15:24:23","date_gmt":"2025-02-19T15:24:23","guid":{"rendered":"https:\/\/vis.ba\/product\/lavor-srednji\/"},"modified":"2025-06-25T12:57:34","modified_gmt":"2025-06-25T12:57:34","slug":"lavor-srednji","status":"publish","type":"product","link":"https:\/\/vis.ba\/de\/product\/lavor-srednji\/","title":{"rendered":"Lavor mittel"},"content":{"rendered":"<table class=\"woocommerce-product-attributes shop_attributes\">\n<tbody>\n<tr class=\"woocommerce-product-attributes-item woocommerce-product-attributes-item--attribute_pa_visina\">\n<th class=\"woocommerce-product-attributes-item__label\">H\u00f6he (mm):<\/th>\n<td class=\"woocommerce-product-attributes-item__value\"><a href=\"https:\/\/vis.ba\/de\/visina\/120\/\" rel=\"tag\">120<\/a><\/td>\n<\/tr>\n<tr class=\"woocommerce-product-attributes-item woocommerce-product-attributes-item--attribute_pa_dijametar\">\n<th class=\"woocommerce-product-attributes-item__label\">Umfang (\u00d8):<\/th>\n<td class=\"woocommerce-product-attributes-item__value\"><a href=\"https:\/\/vis.ba\/de\/dijametar\/380\/\" rel=\"tag\">380<\/a><\/td>\n<\/tr>\n<tr class=\"woocommerce-product-attributes-item woocommerce-product-attributes-item--attribute_pa_zapremina-l\">\n<th class=\"woocommerce-product-attributes-item__label\">Volumen (l):<\/th>\n<td class=\"woocommerce-product-attributes-item__value\"><a href=\"https:\/\/vis.ba\/de\/zapremina-l\/8\/\" rel=\"tag\">8<\/a><\/td>\n<\/tr>\n<tr class=\"woocommerce-product-attributes-item woocommerce-product-attributes-item--attribute_pa_pakovanje\">\n<th class=\"woocommerce-product-attributes-item__label\">Verpackung (St\u00fcck):<\/th>\n<td class=\"woocommerce-product-attributes-item__value\"><a href=\"https:\/\/vis.ba\/de\/pakovanje\/6\/\" rel=\"tag\">6<\/a><\/td>\n<\/tr>\n<tr class=\"woocommerce-product-attributes-item woocommerce-product-attributes-item--attribute_pa_boja\">\n<th class=\"woocommerce-product-attributes-item__label\">Farbe:<\/th>\n<td class=\"woocommerce-product-attributes-item__value\">bijela, be\u017e, \u0161pric siva, zelena<\/td>\n<\/tr>\n<\/tbody>\n<\/table>","protected":false},"excerpt":{"rendered":"<p>Visina(mm): 120 Obim(\u00d8): 380 Zapremina(l): 8 Pakovanje(kom): 6 Boja: bijela, be\u017e, \u0161pric siva, zelena<\/p>","protected":false},"featured_media":17719,"template":"","meta":{"_eb_attr":""},"product_brand":[],"product_cat":[81],"product_tag":[],"class_list":{"0":"post-17720","1":"product","2":"type-product","3":"status-publish","4":"has-post-thumbnail","6":"product_cat-ostalo","8":"first","9":"instock","10":"shipping-taxable","11":"product-type-simple"},"_links":{"self":[{"href":"https:\/\/vis.ba\/de\/wp-json\/wp\/v2\/product\/17720","targetHints":{"allow":["GET"]}}],"collection":[{"href":"https:\/\/vis.ba\/de\/wp-json\/wp\/v2\/product"}],"about":[{"href":"https:\/\/vis.ba\/de\/wp-json\/wp\/v2\/types\/product"}],"wp:featuredmedia":[{"embeddable":true,"href":"https:\/\/vis.ba\/de\/wp-json\/wp\/v2\/media\/17719"}],"wp:attachment":[{"href":"https:\/\/vis.ba\/de\/wp-json\/wp\/v2\/media?parent=17720"}],"wp:term":[{"taxonomy":"product_brand","embeddable":true,"href":"https:\/\/vis.ba\/de\/wp-json\/wp\/v2\/product_brand?post=17720"},{"taxonomy":"product_cat","embeddable":true,"href":"https:\/\/vis.ba\/de\/wp-json\/wp\/v2\/product_cat?post=17720"},{"taxonomy":"product_tag","embeddable":true,"href":"https:\/\/vis.ba\/de\/wp-json\/wp\/v2\/product_tag?post=17720"}],"curies":[{"name":"wp","href":"https:\/\/api.w.org\/{rel}","templated":true}]}}