{"id":19020,"date":"2025-03-05T09:41:52","date_gmt":"2025-03-05T09:41:52","guid":{"rendered":"https:\/\/vis.ba\/?page_id=19020"},"modified":"2025-06-19T13:42:43","modified_gmt":"2025-06-19T13:42:43","slug":"prerada-plasticnih-masa","status":"publish","type":"page","link":"https:\/\/vis.ba\/en\/prerada-plasticnih-masa\/","title":{"rendered":"Plastic Processing"},"content":{"rendered":"<div data-elementor-type=\"wp-page\" data-elementor-id=\"19020\" class=\"elementor elementor-19020\" data-elementor-post-type=\"page\">\n\t\t\t\t<div data-particle_enable=\"false\" data-particle-mobile-disabled=\"false\" class=\"elementor-element elementor-element-5d2811d e-flex e-con-boxed e-con e-parent\" data-id=\"5d2811d\" data-element_type=\"container\">\n\t\t\t\t\t<div class=\"e-con-inner\">\n\t\t<div data-particle_enable=\"false\" data-particle-mobile-disabled=\"false\" class=\"elementor-element elementor-element-a67d712 e-con-full e-flex e-con e-child\" data-id=\"a67d712\" data-element_type=\"container\">\n\t\t\t\t<div class=\"elementor-element elementor-element-6e4ca5c elementor-widget__width-initial elementor-widget elementor-widget-ct_download\" data-id=\"6e4ca5c\" data-element_type=\"widget\" data-widget_type=\"ct_download.default\">\n\t\t\t\t<div class=\"elementor-widget-container\">\n\t\t\t\t\t    <div class=\"ct-download layout2 box-sidebar wow fadeIn\">\r\n                    <h3 class=\"entry-title\">\r\n                All services    \r\n            <\/h3>\r\n                            <div class=\"item--download\">\r\n            \t<a href=\"https:\/\/vis.ba\/en\/masinska-obrada\/\">\r\n\t            \tMachining\t            \t\t            \t\t\t\t\t        <span class=\"ct-contact-icon\">\r\n\t\t\t                \t\t\t                \t\t\t\t        <\/span>\r\n\t\t\t\t    \t                \t            <\/a>\r\n           <\/div>\r\n                    <div class=\"item--download\">\r\n            \t<a href=\"https:\/\/vis.ba\/en\/izrada-alata\/\">\r\n\t            \tTool making\t            \t\t            \t\t\t\t\t        <span class=\"ct-contact-icon\">\r\n\t\t\t                \t\t\t                \t\t\t\t        <\/span>\r\n\t\t\t\t    \t                \t            <\/a>\r\n           <\/div>\r\n            <\/div>\r\n\t\t\t\t<\/div>\n\t\t\t\t<\/div>\n\t\t\t\t<\/div>\n\t\t<div data-particle_enable=\"false\" data-particle-mobile-disabled=\"false\" class=\"elementor-element elementor-element-da41278 e-con-full e-flex e-con e-child\" data-id=\"da41278\" data-element_type=\"container\">\n\t\t\t\t<div class=\"elementor-element elementor-element-d760dd0 image-wfull-width elementor-widget elementor-widget-ct_image\" data-id=\"d760dd0\" data-element_type=\"widget\" data-widget_type=\"ct_image.default\">\n\t\t\t\t<div class=\"elementor-widget-container\">\n\t\t\t\t\t<div class=\"ct-image-single\" data-width=\"\" data-height=\"\" data-wow-delay=\"ms\">\r\n            <div class=\"ct-image-single--inner\">\r\n                            <img fetchpriority=\"high\" decoding=\"async\" class=\"no-lazyload img-main\" src=\"https:\/\/vis.ba\/wp-content\/uploads\/2025\/05\/plastik-770x400.jpg\" width=\"770\" height=\"400\" alt=\"plastik\" title=\"plastik\" \/>                    <\/div>\r\n    <\/div>\t\t\t\t<\/div>\n\t\t\t\t<\/div>\n\t\t\t\t<div class=\"elementor-element elementor-element-bb9e8b5 elementor-widget elementor-widget-ct_text_editor\" data-id=\"bb9e8b5\" data-element_type=\"widget\" data-widget_type=\"ct_text_editor.default\">\n\t\t\t\t<div class=\"elementor-widget-container\">\n\t\t\t\t\t<div id=\"ct_text_editor-bb9e8b5\" class=\"ct-text-editor\" data-wow-delay=\"ms\">\n\t<div class=\"ct-inline-css\"  data-css=\"        \t\t\">\n\n    <\/div>\n\t<div class=\"ct-text-editor-inner elementor-clearfix\">\n\t\t<p>Plastic processing through injection molding is one of our core activities and an area in which we continuously invest knowledge, technology and resources. Thanks to our modern machinery, which includes injection molding machines with clamping forces from 35 to 550 tons and capacities up to 2000 cm\u00b3 and over 350 different injection molding tools, we are able to produce a wide range of items - from technical items to consumer products such as plastic flower pots and home accessories.<\/p>\t\t\n\t<\/div>\n<\/div>\t\t\t\t<\/div>\n\t\t\t\t<\/div>\n\t\t\t\t<div class=\"elementor-element elementor-element-bf2fb64 elementor-widget elementor-widget-ct_heading\" data-id=\"bf2fb64\" data-element_type=\"widget\" data-widget_type=\"ct_heading.default\">\n\t\t\t\t<div class=\"elementor-widget-container\">\n\t\t\t\t\t<div id=\"ct_heading-bf2fb64\" class=\"ct-heading h-align-left item-st-default\">\r\n    <div class=\"heading-wrapper\">\r\n        <div class=\"inner-heading\">\r\n                          \t                <h3 class=\"item--title case-animate-time st-default\" data-wow-delay=\"ms\">\r\n                    <span>Our production process is characterized by:<\/span>                <\/h3>\r\n        <\/div>\r\n    <\/div>\r\n<\/div>\r\n\t\t\t\t<\/div>\n\t\t\t\t<\/div>\n\t\t\t\t<div class=\"elementor-element elementor-element-a318a84 elementor-widget__width-initial elementor-widget elementor-widget-ct_list\" data-id=\"a318a84\" data-element_type=\"widget\" data-widget_type=\"ct_list.default\">\n\t\t\t\t<div class=\"elementor-widget-container\">\n\t\t\t\t\t    <div class=\"ct-list block\">\r\n                    <div class=\"ct-list-item\">\r\n                                    <div class=\"ct-list-icon\">\r\n                        <i aria-hidden=\"true\" class=\"far fa-check-circle\"><\/i>                    <\/div>\r\n                            \t<div class=\"ct-list-content\">\r\n                    \t            \t   large production capacity                    \t            <\/div>\r\n           <\/div>\r\n                    <div class=\"ct-list-item\">\r\n                                    <div class=\"ct-list-icon\">\r\n                        <i aria-hidden=\"true\" class=\"far fa-check-circle\"><\/i>                    <\/div>\r\n                            \t<div class=\"ct-list-content\">\r\n                    \t            \t  automated work that ensures uniform quality without additional manual processing                    \t            <\/div>\r\n           <\/div>\r\n                    <div class=\"ct-list-item\">\r\n                                    <div class=\"ct-list-icon\">\r\n                        <i aria-hidden=\"true\" class=\"far fa-check-circle\"><\/i>                    <\/div>\r\n                            \t<div class=\"ct-list-content\">\r\n                    \t            \t  use of different materials, in accordance with the technical and functional requirements of the product                    \t            <\/div>\r\n           <\/div>\r\n                    <div class=\"ct-list-item\">\r\n                                    <div class=\"ct-list-icon\">\r\n                        <i aria-hidden=\"true\" class=\"far fa-check-circle\"><\/i>                    <\/div>\r\n                            \t<div class=\"ct-list-content\">\r\n                    \t            \t  minimal waste, thanks to internal recycling and process optimization                    \t            <\/div>\r\n           <\/div>\r\n                    <div class=\"ct-list-item\">\r\n                                    <div class=\"ct-list-icon\">\r\n                        <i aria-hidden=\"true\" class=\"far fa-check-circle\"><\/i>                    <\/div>\r\n                            \t<div class=\"ct-list-content\">\r\n                    \t            \t  quick response and flexibility in adapting to different series and product shapes                    \t            <\/div>\r\n           <\/div>\r\n            <\/div>\r\n\t\t\t\t<\/div>\n\t\t\t\t<\/div>\n\t\t\t\t<div class=\"elementor-element elementor-element-234784a elementor-widget elementor-widget-ct_text_editor\" data-id=\"234784a\" data-element_type=\"widget\" data-widget_type=\"ct_text_editor.default\">\n\t\t\t\t<div class=\"elementor-widget-container\">\n\t\t\t\t\t<div id=\"ct_text_editor-234784a\" class=\"ct-text-editor\" data-wow-delay=\"ms\">\n\t<div class=\"ct-inline-css\"  data-css=\"        \t\t\">\n\n    <\/div>\n\t<div class=\"ct-text-editor-inner elementor-clearfix\">\n\t\t<p>Thanks to full integration with the toolmaking and CNC machining departments, we are able to control every step \u2013 from idea to final product \u2013 within our own production complex.\u00a0<\/p><p>Recognized as a safe and desirable partner by numerous retail chains and distributors, we continue to invest in growth and quality, driven by mutual success.<\/p>\t\t\n\t<\/div>\n<\/div>\t\t\t\t<\/div>\n\t\t\t\t<\/div>\n\t\t\t\t<\/div>\n\t\t\t\t\t<\/div>\n\t\t\t\t<\/div>\n\t\t\t\t<\/div>","protected":false},"excerpt":{"rendered":"<p>Sve djelatnosti Ma\u0161inska obrada Izrada alata Prerada plasti\u010dnih masa putem procesa brizganja predstavlja jednu od na\u0161ih klju\u010dnih djelatnosti i oblasti u kojoj kontinuirano ula\u017eemo znanje, tehnologiju i resurse. Zahvaljuju\u0107i savremenom ma\u0161inskom parku, koji uklju\u010duje brizgalice sile zatvaranja od 35 do 550 tona i kapaciteta do 2000 cm\u00b3 i preko 350 razli\u010ditih alata za brizganje u [&hellip;]<\/p>","protected":false},"author":1,"featured_media":0,"parent":0,"menu_order":0,"comment_status":"closed","ping_status":"closed","template":"","meta":{"_eb_attr":"","footnotes":""},"class_list":["post-19020","page","type-page","status-publish","hentry"],"_links":{"self":[{"href":"https:\/\/vis.ba\/en\/wp-json\/wp\/v2\/pages\/19020","targetHints":{"allow":["GET"]}}],"collection":[{"href":"https:\/\/vis.ba\/en\/wp-json\/wp\/v2\/pages"}],"about":[{"href":"https:\/\/vis.ba\/en\/wp-json\/wp\/v2\/types\/page"}],"author":[{"embeddable":true,"href":"https:\/\/vis.ba\/en\/wp-json\/wp\/v2\/users\/1"}],"replies":[{"embeddable":true,"href":"https:\/\/vis.ba\/en\/wp-json\/wp\/v2\/comments?post=19020"}],"version-history":[{"count":89,"href":"https:\/\/vis.ba\/en\/wp-json\/wp\/v2\/pages\/19020\/revisions"}],"predecessor-version":[{"id":21605,"href":"https:\/\/vis.ba\/en\/wp-json\/wp\/v2\/pages\/19020\/revisions\/21605"}],"wp:attachment":[{"href":"https:\/\/vis.ba\/en\/wp-json\/wp\/v2\/media?parent=19020"}],"curies":[{"name":"wp","href":"https:\/\/api.w.org\/{rel}","templated":true}]}}