{"id":19260,"date":"2025-03-14T08:47:32","date_gmt":"2025-03-14T08:47:32","guid":{"rendered":"https:\/\/vis.ba\/?page_id=19260"},"modified":"2025-06-20T11:46:19","modified_gmt":"2025-06-20T11:46:19","slug":"masinske-pozicije","status":"publish","type":"page","link":"https:\/\/vis.ba\/en\/masinske-pozicije\/","title":{"rendered":"Machine positions"},"content":{"rendered":"<div data-elementor-type=\"wp-page\" data-elementor-id=\"19260\" class=\"elementor elementor-19260\" data-elementor-post-type=\"page\">\n\t\t\t\t<div data-particle_enable=\"false\" data-particle-mobile-disabled=\"false\" class=\"elementor-element elementor-element-980bc7c e-flex e-con-boxed e-con e-parent\" data-id=\"980bc7c\" data-element_type=\"container\">\n\t\t\t\t\t<div class=\"e-con-inner\">\n\t\t<div data-particle_enable=\"false\" data-particle-mobile-disabled=\"false\" class=\"elementor-element elementor-element-ce9b1d3 e-con-full e-flex e-con e-child\" data-id=\"ce9b1d3\" data-element_type=\"container\">\n\t\t\t\t<div class=\"elementor-element elementor-element-39635c1 elementor-widget elementor-widget-ct_download\" data-id=\"39635c1\" data-element_type=\"widget\" data-widget_type=\"ct_download.default\">\n\t\t\t\t<div class=\"elementor-widget-container\">\n\t\t\t\t\t    <div class=\"ct-download layout2 box-sidebar\">\r\n                    <h3 class=\"entry-title\">\r\n                Products    \r\n            <\/h3>\r\n                            <div class=\"item--download\">\r\n            \t<a href=\"https:\/\/vis.ba\/en\/alati\/\">\r\n\t            \tTools\t            \t\t            \t\t\t\t\t        <span class=\"ct-contact-icon\">\r\n\t\t\t                \t\t\t                \t\t\t\t        <\/span>\r\n\t\t\t\t    \t                \t            <\/a>\r\n           <\/div>\r\n                    <div class=\"item--download\">\r\n            \t<a href=\"https:\/\/vis.ba\/en\/tehnicki-proizvodi\/\">\r\n\t            \tTechnical products\t            \t\t            \t\t\t\t\t        <span class=\"ct-contact-icon\">\r\n\t\t\t                \t\t\t                \t\t\t\t        <\/span>\r\n\t\t\t\t    \t                \t            <\/a>\r\n           <\/div>\r\n                    <div class=\"item--download\">\r\n            \t<a href=\"https:\/\/vis.ba\/en\/proizvodi-siroke-potrosnje\/\">\r\n\t            \tConsumer products\t            \t\t            \t\t\t\t\t        <span class=\"ct-contact-icon\">\r\n\t\t\t                \t\t\t                \t\t\t\t        <\/span>\r\n\t\t\t\t    \t                \t            <\/a>\r\n           <\/div>\r\n            <\/div>\r\n\t\t\t\t<\/div>\n\t\t\t\t<\/div>\n\t\t\t\t<\/div>\n\t\t<div data-particle_enable=\"false\" data-particle-mobile-disabled=\"false\" class=\"elementor-element elementor-element-f2fac70 e-con-full e-flex e-con e-child\" data-id=\"f2fac70\" data-element_type=\"container\">\n\t\t\t\t<div class=\"elementor-element elementor-element-e79e14f elementor-widget elementor-widget-ct_heading\" data-id=\"e79e14f\" data-element_type=\"widget\" data-widget_type=\"ct_heading.default\">\n\t\t\t\t<div class=\"elementor-widget-container\">\n\t\t\t\t\t<div id=\"ct_heading-e79e14f\" class=\"ct-heading h-align-left item-st-default\">\r\n    <div class=\"heading-wrapper\">\r\n        <div class=\"inner-heading\">\r\n                          \t                <h6 class=\"item--title case-animate-time st-default\" data-wow-delay=\"ms\">\r\n                    <span>Get to know some of our work through examples of complex positions we have produced for partners across Europe.<\/span>                <\/h6>\r\n        <\/div>\r\n    <\/div>\r\n<\/div>\r\n\t\t\t\t<\/div>\n\t\t\t\t<\/div>\n\t\t\t\t\t\t\t<div data-eael_duration=\"{&quot;transitionDuration&quot;:1000}\" data-eael_easing=\"{&quot;transitionEasing&quot;:&quot;ease&quot;}\" data-eael_scale_hover_effect=\"{&quot;scale_x&quot;:0.9,&quot;scale_y&quot;:0.9}\" data-eael_hover_duration=\"{&quot;transitionDuration&quot;:1000}\" data-eael_hover_easing=\"{&quot;transitionEasing&quot;:&quot;ease&quot;}\" class=\"eael_hover_effect elementor-element elementor-element-3bbbedb elementor-widget elementor-widget-ct_gallery_grid\" data-id=\"3bbbedb\" data-element_type=\"widget\" data-settings=\"{&quot;eael_hover_effect_transform_popover&quot;:&quot;yes&quot;,&quot;eael_hover_effect_transform_hover_popover&quot;:&quot;yes&quot;,&quot;eael_hover_effect_general_settings_easing&quot;:&quot;ease&quot;,&quot;eael_hover_effect_general_settings_hover_easing&quot;:&quot;ease&quot;}\" data-widget_type=\"ct_gallery_grid.default\">\n\t\t\t\t<div class=\"elementor-widget-container\">\n\t\t\t\t\t    <div class=\"ct-grid ct-gallery-grid1\">\r\n        <div class=\"ct-grid-inner ct-grid-masonry row animate-time\" data-gutter=\"7\">\r\n                            <div class=\"grid-item col-xl-4 col-lg-4 col-md-4 col-sm-6 col-12\">\r\n                    <div class=\"item--inner wow fadeIn\" data-wow-duration=\"1.2s\">\r\n                        <a href=\"https:\/\/vis.ba\/wp-content\/uploads\/2025\/04\/Masinska-pozicija-23.jpg\"><i>+<\/i><\/a>\r\n                        <img fetchpriority=\"high\" decoding=\"async\" class=\"no-lazyload\" src=\"https:\/\/vis.ba\/wp-content\/uploads\/2025\/04\/Masinska-pozicija-23-640x450.jpg\" width=\"640\" height=\"450\" alt=\"Masinska-pozicija-23\" title=\"Masinska-pozicija-23\" \/>                   <\/div>\r\n                <\/div>\r\n                            <div class=\"grid-item col-xl-4 col-lg-4 col-md-4 col-sm-6 col-12\">\r\n                    <div class=\"item--inner wow fadeIn\" data-wow-duration=\"1.2s\">\r\n                        <a href=\"https:\/\/vis.ba\/wp-content\/uploads\/2025\/04\/Masinska-pozicija-22.jpg\"><i>+<\/i><\/a>\r\n                        <img decoding=\"async\" class=\"no-lazyload\" src=\"https:\/\/vis.ba\/wp-content\/uploads\/2025\/04\/Masinska-pozicija-22-640x450.jpg\" width=\"640\" height=\"450\" alt=\"Masinska-pozicija-22\" title=\"Masinska-pozicija-22\" \/>                   <\/div>\r\n                <\/div>\r\n                            <div class=\"grid-item col-xl-4 col-lg-4 col-md-4 col-sm-6 col-12\">\r\n                    <div class=\"item--inner wow fadeIn\" data-wow-duration=\"1.2s\">\r\n                        <a href=\"https:\/\/vis.ba\/wp-content\/uploads\/2025\/04\/Masinska-pozicija-21.jpg\"><i>+<\/i><\/a>\r\n                        <img decoding=\"async\" class=\"no-lazyload\" src=\"https:\/\/vis.ba\/wp-content\/uploads\/2025\/04\/Masinska-pozicija-21-640x450.jpg\" width=\"640\" height=\"450\" alt=\"Masinska-pozicija-21\" title=\"Masinska-pozicija-21\" \/>                   <\/div>\r\n                <\/div>\r\n                            <div class=\"grid-item col-xl-4 col-lg-4 col-md-4 col-sm-6 col-12\">\r\n                    <div class=\"item--inner wow fadeIn\" data-wow-duration=\"1.2s\">\r\n                        <a href=\"https:\/\/vis.ba\/wp-content\/uploads\/2025\/04\/Masinska-pozicija-20.jpg\"><i>+<\/i><\/a>\r\n                        <img loading=\"lazy\" decoding=\"async\" class=\"no-lazyload\" src=\"https:\/\/vis.ba\/wp-content\/uploads\/2025\/04\/Masinska-pozicija-20-640x450.jpg\" width=\"640\" height=\"450\" alt=\"Masinska-pozicija-20\" title=\"Masinska-pozicija-20\" \/>                   <\/div>\r\n                <\/div>\r\n                            <div class=\"grid-item col-xl-4 col-lg-4 col-md-4 col-sm-6 col-12\">\r\n                    <div class=\"item--inner wow fadeIn\" data-wow-duration=\"1.2s\">\r\n                        <a href=\"https:\/\/vis.ba\/wp-content\/uploads\/2025\/04\/Masinska-pozicija-19.jpg\"><i>+<\/i><\/a>\r\n                        <img loading=\"lazy\" decoding=\"async\" class=\"no-lazyload\" src=\"https:\/\/vis.ba\/wp-content\/uploads\/2025\/04\/Masinska-pozicija-19-640x450.jpg\" width=\"640\" height=\"450\" alt=\"Masinska-pozicija-19\" title=\"Masinska-pozicija-19\" \/>                   <\/div>\r\n                <\/div>\r\n                            <div class=\"grid-item col-xl-4 col-lg-4 col-md-4 col-sm-6 col-12\">\r\n                    <div class=\"item--inner wow fadeIn\" data-wow-duration=\"1.2s\">\r\n                        <a href=\"https:\/\/vis.ba\/wp-content\/uploads\/2025\/04\/Masinska-pozicija-18.jpg\"><i>+<\/i><\/a>\r\n                        <img loading=\"lazy\" decoding=\"async\" class=\"no-lazyload\" src=\"https:\/\/vis.ba\/wp-content\/uploads\/2025\/04\/Masinska-pozicija-18-640x450.jpg\" width=\"640\" height=\"450\" alt=\"Masinska-pozicija-18\" title=\"Masinska-pozicija-18\" \/>                   <\/div>\r\n                <\/div>\r\n                            <div class=\"grid-item col-xl-4 col-lg-4 col-md-4 col-sm-6 col-12\">\r\n                    <div class=\"item--inner wow fadeIn\" data-wow-duration=\"1.2s\">\r\n                        <a href=\"https:\/\/vis.ba\/wp-content\/uploads\/2025\/04\/Masinska-pozicija-17.jpg\"><i>+<\/i><\/a>\r\n                        <img loading=\"lazy\" decoding=\"async\" class=\"no-lazyload\" src=\"https:\/\/vis.ba\/wp-content\/uploads\/2025\/04\/Masinska-pozicija-17-640x450.jpg\" width=\"640\" height=\"450\" alt=\"Masinska-pozicija-17\" title=\"Masinska-pozicija-17\" \/>                   <\/div>\r\n                <\/div>\r\n                            <div class=\"grid-item col-xl-4 col-lg-4 col-md-4 col-sm-6 col-12\">\r\n                    <div class=\"item--inner wow fadeIn\" data-wow-duration=\"1.2s\">\r\n                        <a href=\"https:\/\/vis.ba\/wp-content\/uploads\/2025\/04\/Masinska-pozicija-16.jpg\"><i>+<\/i><\/a>\r\n                        <img loading=\"lazy\" decoding=\"async\" class=\"no-lazyload\" src=\"https:\/\/vis.ba\/wp-content\/uploads\/2025\/04\/Masinska-pozicija-16-640x450.jpg\" width=\"640\" height=\"450\" alt=\"Masinska-pozicija-16\" title=\"Masinska-pozicija-16\" \/>                   <\/div>\r\n                <\/div>\r\n                            <div class=\"grid-item col-xl-4 col-lg-4 col-md-4 col-sm-6 col-12\">\r\n                    <div class=\"item--inner wow fadeIn\" data-wow-duration=\"1.2s\">\r\n                        <a href=\"https:\/\/vis.ba\/wp-content\/uploads\/2025\/04\/Masinska-pozicija-15.jpg\"><i>+<\/i><\/a>\r\n                        <img loading=\"lazy\" decoding=\"async\" class=\"no-lazyload\" src=\"https:\/\/vis.ba\/wp-content\/uploads\/2025\/04\/Masinska-pozicija-15-640x450.jpg\" width=\"640\" height=\"450\" alt=\"Masinska-pozicija-15\" title=\"Masinska-pozicija-15\" \/>                   <\/div>\r\n                <\/div>\r\n                            <div class=\"grid-item col-xl-4 col-lg-4 col-md-4 col-sm-6 col-12\">\r\n                    <div class=\"item--inner wow fadeIn\" data-wow-duration=\"1.2s\">\r\n                        <a href=\"https:\/\/vis.ba\/wp-content\/uploads\/2025\/04\/Masinska-pozicija-14.jpg\"><i>+<\/i><\/a>\r\n                        <img loading=\"lazy\" decoding=\"async\" class=\"no-lazyload\" src=\"https:\/\/vis.ba\/wp-content\/uploads\/2025\/04\/Masinska-pozicija-14-640x450.jpg\" width=\"640\" height=\"450\" alt=\"Masinska-pozicija-14\" title=\"Masinska-pozicija-14\" \/>                   <\/div>\r\n                <\/div>\r\n                            <div class=\"grid-item col-xl-4 col-lg-4 col-md-4 col-sm-6 col-12\">\r\n                    <div class=\"item--inner wow fadeIn\" data-wow-duration=\"1.2s\">\r\n                        <a href=\"https:\/\/vis.ba\/wp-content\/uploads\/2025\/04\/Masinska-pozicija-13-1.jpg\"><i>+<\/i><\/a>\r\n                        <img loading=\"lazy\" decoding=\"async\" class=\"no-lazyload\" src=\"https:\/\/vis.ba\/wp-content\/uploads\/2025\/04\/Masinska-pozicija-13-1-640x450.jpg\" width=\"640\" height=\"450\" alt=\"Masinska-pozicija-13\" title=\"Masinska-pozicija-13\" \/>                   <\/div>\r\n                <\/div>\r\n                            <div class=\"grid-item col-xl-4 col-lg-4 col-md-4 col-sm-6 col-12\">\r\n                    <div class=\"item--inner wow fadeIn\" data-wow-duration=\"1.2s\">\r\n                        <a href=\"https:\/\/vis.ba\/wp-content\/uploads\/2025\/04\/Masinska-pozicija-12.jpg\"><i>+<\/i><\/a>\r\n                        <img loading=\"lazy\" decoding=\"async\" class=\"no-lazyload\" src=\"https:\/\/vis.ba\/wp-content\/uploads\/2025\/04\/Masinska-pozicija-12-640x450.jpg\" width=\"640\" height=\"450\" alt=\"Masinska-pozicija-12\" title=\"Masinska-pozicija-12\" \/>                   <\/div>\r\n                <\/div>\r\n                            <div class=\"grid-item col-xl-4 col-lg-4 col-md-4 col-sm-6 col-12\">\r\n                    <div class=\"item--inner wow fadeIn\" data-wow-duration=\"1.2s\">\r\n                        <a href=\"https:\/\/vis.ba\/wp-content\/uploads\/2025\/04\/Masinska-pozicija-11.jpg\"><i>+<\/i><\/a>\r\n                        <img loading=\"lazy\" decoding=\"async\" class=\"no-lazyload\" src=\"https:\/\/vis.ba\/wp-content\/uploads\/2025\/04\/Masinska-pozicija-11-640x450.jpg\" width=\"640\" height=\"450\" alt=\"Masinska-pozicija-11\" title=\"Masinska-pozicija-11\" \/>                   <\/div>\r\n                <\/div>\r\n                            <div class=\"grid-item col-xl-4 col-lg-4 col-md-4 col-sm-6 col-12\">\r\n                    <div class=\"item--inner wow fadeIn\" data-wow-duration=\"1.2s\">\r\n                        <a href=\"https:\/\/vis.ba\/wp-content\/uploads\/2025\/04\/Masinska-pozicija-10.jpg\"><i>+<\/i><\/a>\r\n                        <img loading=\"lazy\" decoding=\"async\" class=\"no-lazyload\" src=\"https:\/\/vis.ba\/wp-content\/uploads\/2025\/04\/Masinska-pozicija-10-640x450.jpg\" width=\"640\" height=\"450\" alt=\"Masinska-pozicija-10\" title=\"Masinska-pozicija-10\" \/>                   <\/div>\r\n                <\/div>\r\n                            <div class=\"grid-item col-xl-4 col-lg-4 col-md-4 col-sm-6 col-12\">\r\n                    <div class=\"item--inner wow fadeIn\" data-wow-duration=\"1.2s\">\r\n                        <a href=\"https:\/\/vis.ba\/wp-content\/uploads\/2025\/04\/Masinska-pozicija-9.jpg\"><i>+<\/i><\/a>\r\n                        <img loading=\"lazy\" decoding=\"async\" class=\"no-lazyload\" src=\"https:\/\/vis.ba\/wp-content\/uploads\/2025\/04\/Masinska-pozicija-9-640x450.jpg\" width=\"640\" height=\"450\" alt=\"Masinska-pozicija-9\" title=\"Masinska-pozicija-9\" \/>                   <\/div>\r\n                <\/div>\r\n                            <div class=\"grid-item col-xl-4 col-lg-4 col-md-4 col-sm-6 col-12\">\r\n                    <div class=\"item--inner wow fadeIn\" data-wow-duration=\"1.2s\">\r\n                        <a href=\"https:\/\/vis.ba\/wp-content\/uploads\/2025\/04\/Masinska-pozicija-8.jpg\"><i>+<\/i><\/a>\r\n                        <img loading=\"lazy\" decoding=\"async\" class=\"no-lazyload\" src=\"https:\/\/vis.ba\/wp-content\/uploads\/2025\/04\/Masinska-pozicija-8-640x450.jpg\" width=\"640\" height=\"450\" alt=\"Masinska-pozicija-8\" title=\"Masinska-pozicija-8\" \/>                   <\/div>\r\n                <\/div>\r\n                            <div class=\"grid-item col-xl-4 col-lg-4 col-md-4 col-sm-6 col-12\">\r\n                    <div class=\"item--inner wow fadeIn\" data-wow-duration=\"1.2s\">\r\n                        <a href=\"https:\/\/vis.ba\/wp-content\/uploads\/2025\/04\/Masinska-pozicija-7.jpg\"><i>+<\/i><\/a>\r\n                        <img loading=\"lazy\" decoding=\"async\" class=\"no-lazyload\" src=\"https:\/\/vis.ba\/wp-content\/uploads\/2025\/04\/Masinska-pozicija-7-640x450.jpg\" width=\"640\" height=\"450\" alt=\"Masinska-pozicija-7\" title=\"Masinska-pozicija-7\" \/>                   <\/div>\r\n                <\/div>\r\n                            <div class=\"grid-item col-xl-4 col-lg-4 col-md-4 col-sm-6 col-12\">\r\n                    <div class=\"item--inner wow fadeIn\" data-wow-duration=\"1.2s\">\r\n                        <a href=\"https:\/\/vis.ba\/wp-content\/uploads\/2025\/04\/Masinska-pozicija-6.jpg\"><i>+<\/i><\/a>\r\n                        <img loading=\"lazy\" decoding=\"async\" class=\"no-lazyload\" src=\"https:\/\/vis.ba\/wp-content\/uploads\/2025\/04\/Masinska-pozicija-6-640x450.jpg\" width=\"640\" height=\"450\" alt=\"Masinska-pozicija-6\" title=\"Masinska-pozicija-6\" \/>                   <\/div>\r\n                <\/div>\r\n                            <div class=\"grid-item col-xl-4 col-lg-4 col-md-4 col-sm-6 col-12\">\r\n                    <div class=\"item--inner wow fadeIn\" data-wow-duration=\"1.2s\">\r\n                        <a href=\"https:\/\/vis.ba\/wp-content\/uploads\/2025\/04\/Masinska-pozicija-5.jpg\"><i>+<\/i><\/a>\r\n                        <img loading=\"lazy\" decoding=\"async\" class=\"no-lazyload\" src=\"https:\/\/vis.ba\/wp-content\/uploads\/2025\/04\/Masinska-pozicija-5-640x450.jpg\" width=\"640\" height=\"450\" alt=\"Masinska-pozicija-5\" title=\"Masinska-pozicija-5\" \/>                   <\/div>\r\n                <\/div>\r\n                            <div class=\"grid-item col-xl-4 col-lg-4 col-md-4 col-sm-6 col-12\">\r\n                    <div class=\"item--inner wow fadeIn\" data-wow-duration=\"1.2s\">\r\n                        <a href=\"https:\/\/vis.ba\/wp-content\/uploads\/2025\/04\/Masinska-pozicija-4.jpg\"><i>+<\/i><\/a>\r\n                        <img loading=\"lazy\" decoding=\"async\" class=\"no-lazyload\" src=\"https:\/\/vis.ba\/wp-content\/uploads\/2025\/04\/Masinska-pozicija-4-640x450.jpg\" width=\"640\" height=\"450\" alt=\"Masinska-pozicija-4\" title=\"Masinska-pozicija-4\" \/>                   <\/div>\r\n                <\/div>\r\n                            <div class=\"grid-item col-xl-4 col-lg-4 col-md-4 col-sm-6 col-12\">\r\n                    <div class=\"item--inner wow fadeIn\" data-wow-duration=\"1.2s\">\r\n                        <a href=\"https:\/\/vis.ba\/wp-content\/uploads\/2025\/04\/Masinska-pozicija-3.jpg\"><i>+<\/i><\/a>\r\n                        <img loading=\"lazy\" decoding=\"async\" class=\"no-lazyload\" src=\"https:\/\/vis.ba\/wp-content\/uploads\/2025\/04\/Masinska-pozicija-3-640x450.jpg\" width=\"640\" height=\"450\" alt=\"Masinska-pozicija-3\" title=\"Masinska-pozicija-3\" \/>                   <\/div>\r\n                <\/div>\r\n                            <div class=\"grid-item col-xl-4 col-lg-4 col-md-4 col-sm-6 col-12\">\r\n                    <div class=\"item--inner wow fadeIn\" data-wow-duration=\"1.2s\">\r\n                        <a href=\"https:\/\/vis.ba\/wp-content\/uploads\/2025\/04\/Masinska-pozicija-2.jpg\"><i>+<\/i><\/a>\r\n                        <img loading=\"lazy\" decoding=\"async\" class=\"no-lazyload\" src=\"https:\/\/vis.ba\/wp-content\/uploads\/2025\/04\/Masinska-pozicija-2-640x450.jpg\" width=\"640\" height=\"450\" alt=\"Masinska-pozicija-2\" title=\"Masinska-pozicija-2\" \/>                   <\/div>\r\n                <\/div>\r\n                            <div class=\"grid-item col-xl-4 col-lg-4 col-md-4 col-sm-6 col-12\">\r\n                    <div class=\"item--inner wow fadeIn\" data-wow-duration=\"1.2s\">\r\n                        <a href=\"https:\/\/vis.ba\/wp-content\/uploads\/2025\/04\/Masinska-pozicija-1.jpg\"><i>+<\/i><\/a>\r\n                        <img loading=\"lazy\" decoding=\"async\" class=\"no-lazyload\" src=\"https:\/\/vis.ba\/wp-content\/uploads\/2025\/04\/Masinska-pozicija-1-640x450.jpg\" width=\"640\" height=\"450\" alt=\"Masinska-pozicija-1\" title=\"Masinska-pozicija-1\" \/>                   <\/div>\r\n                <\/div>\r\n                            <div class=\"grid-item col-xl-4 col-lg-4 col-md-4 col-sm-6 col-12\">\r\n                    <div class=\"item--inner wow fadeIn\" data-wow-duration=\"1.2s\">\r\n                        <a href=\"https:\/\/vis.ba\/wp-content\/uploads\/2025\/04\/Masinska-pozicija-33.jpg\"><i>+<\/i><\/a>\r\n                        <img loading=\"lazy\" decoding=\"async\" class=\"no-lazyload\" src=\"https:\/\/vis.ba\/wp-content\/uploads\/2025\/04\/Masinska-pozicija-33-640x450.jpg\" width=\"640\" height=\"450\" alt=\"Masinska-pozicija-33\" title=\"Masinska-pozicija-33\" \/>                   <\/div>\r\n                <\/div>\r\n                        <div class=\"grid-sizer col-xl-4 col-lg-4 col-md-4 col-sm-6 col-12\"><\/div>\r\n        <\/div>\r\n    <\/div>\r\n\t\t\t\t<\/div>\n\t\t\t\t<\/div>\n\t\t\t\t<\/div>\n\t\t\t\t\t<\/div>\n\t\t\t\t<\/div>\n\t\t\t\t<\/div>","protected":false},"excerpt":{"rendered":"<p>Proizvodi Alati Tehni\u010dki proizvodi Proizvodi \u0161iroke potro\u0161nje Upoznajte se s dijelom na\u0161eg rada kroz primjere kompleksnih pozicija koje smo proizveli za partnere \u0161irom Evrope. + + + + + + + + + + + + + + + + + + + + + + + +<\/p>","protected":false},"author":1,"featured_media":0,"parent":0,"menu_order":0,"comment_status":"closed","ping_status":"closed","template":"","meta":{"_eb_attr":"","footnotes":""},"class_list":["post-19260","page","type-page","status-publish","hentry"],"_links":{"self":[{"href":"https:\/\/vis.ba\/en\/wp-json\/wp\/v2\/pages\/19260","targetHints":{"allow":["GET"]}}],"collection":[{"href":"https:\/\/vis.ba\/en\/wp-json\/wp\/v2\/pages"}],"about":[{"href":"https:\/\/vis.ba\/en\/wp-json\/wp\/v2\/types\/page"}],"author":[{"embeddable":true,"href":"https:\/\/vis.ba\/en\/wp-json\/wp\/v2\/users\/1"}],"replies":[{"embeddable":true,"href":"https:\/\/vis.ba\/en\/wp-json\/wp\/v2\/comments?post=19260"}],"version-history":[{"count":134,"href":"https:\/\/vis.ba\/en\/wp-json\/wp\/v2\/pages\/19260\/revisions"}],"predecessor-version":[{"id":21730,"href":"https:\/\/vis.ba\/en\/wp-json\/wp\/v2\/pages\/19260\/revisions\/21730"}],"wp:attachment":[{"href":"https:\/\/vis.ba\/en\/wp-json\/wp\/v2\/media?parent=19260"}],"curies":[{"name":"wp","href":"https:\/\/api.w.org\/{rel}","templated":true}]}}