{"id":18207,"date":"2000-05-24T15:32:25","date_gmt":"2000-05-24T15:32:25","guid":{"rendered":"https:\/\/vis.ba\/product\/kanta-5-l\/"},"modified":"2025-06-25T12:53:44","modified_gmt":"2025-06-25T12:53:44","slug":"kanta-5-l","status":"publish","type":"product","link":"https:\/\/vis.ba\/en\/product\/kanta-5-l\/","title":{"rendered":"Bucket"},"content":{"rendered":"","protected":false},"excerpt":{"rendered":"<div class=\"column one woocommerce-content\">\n<div id=\"product-2648\" class=\"no-share tabs post-2648 product type-product status-publish has-post-thumbnail product_cat-zimnica pa_dijametar-426 pa_pakovanje-46 pa_visina-263 pa_zapremina-l-219 first instock product-type-simple\">\n<div class=\"product_wrapper clearfix\">\n<div class=\"summary entry-summary column one-second\">\n<div class=\"jq-tabs tabs_wrapper ui-tabs ui-corner-all ui-widget ui-widget-content\">\n<div id=\"tab-additional_information\" class=\"ui-tabs-panel ui-corner-bottom ui-widget-content\" role=\"tabpanel\" aria-labelledby=\"ui-id-1\" aria-hidden=\"false\">\n<table class=\"woocommerce-product-attributes shop_attributes\">\n<tbody>\n<tr class=\"woocommerce-product-attributes-item woocommerce-product-attributes-item--attribute_pa_visina\">\n<th class=\"woocommerce-product-attributes-item__label\">Height(mm):<\/th>\n<td class=\"woocommerce-product-attributes-item__value\"><a href=\"https:\/\/vis.ba\/en\/visina\/200\/\" rel=\"tag\">200<\/a><\/td>\n<\/tr>\n<tr class=\"woocommerce-product-attributes-item woocommerce-product-attributes-item--attribute_pa_dijametar\">\n<th class=\"woocommerce-product-attributes-item__label\">Circumference (\u00d8):<\/th>\n<td class=\"woocommerce-product-attributes-item__value\"><a href=\"https:\/\/vis.ba\/en\/dijametar\/225\/\" rel=\"tag\">225<\/a><\/td>\n<\/tr>\n<tr class=\"woocommerce-product-attributes-item woocommerce-product-attributes-item--attribute_pa_zapremina-l\">\n<th class=\"woocommerce-product-attributes-item__label\">Volume (l):<\/th>\n<td class=\"woocommerce-product-attributes-item__value\"><a href=\"https:\/\/vis.ba\/en\/zapremina-l\/5\/\" rel=\"tag\">5<\/a><\/td>\n<\/tr>\n<tr class=\"woocommerce-product-attributes-item woocommerce-product-attributes-item--attribute_pa_pakovanje\">\n<th class=\"woocommerce-product-attributes-item__label\">Packaging (pcs):<\/th>\n<td class=\"woocommerce-product-attributes-item__value\"><a href=\"https:\/\/vis.ba\/en\/pakovanje\/6\/\" rel=\"tag\">6<\/a><\/td>\n<\/tr>\n<tr class=\"woocommerce-product-attributes-item woocommerce-product-attributes-item--attribute_pa_boja\">\n<th class=\"woocommerce-product-attributes-item__label\">Color:<\/th>\n<td class=\"woocommerce-product-attributes-item__value\">be\u017e, crvena, kivi, ljubi\u010dasta, narand\u017easta, plava, siva, tirkizna<\/td>\n<\/tr>\n<\/tbody>\n<\/table>\n<\/div>\n<\/div>\n<\/div>\n<\/div>\n<\/div>\n<\/div>","protected":false},"featured_media":18206,"template":"","meta":{"_eb_attr":""},"product_brand":[],"product_cat":[80],"product_tag":[],"class_list":{"0":"post-18207","1":"product","2":"type-product","3":"status-publish","4":"has-post-thumbnail","6":"product_cat-zimnica","8":"first","9":"instock","10":"shipping-taxable","11":"product-type-simple"},"_links":{"self":[{"href":"https:\/\/vis.ba\/en\/wp-json\/wp\/v2\/product\/18207","targetHints":{"allow":["GET"]}}],"collection":[{"href":"https:\/\/vis.ba\/en\/wp-json\/wp\/v2\/product"}],"about":[{"href":"https:\/\/vis.ba\/en\/wp-json\/wp\/v2\/types\/product"}],"wp:featuredmedia":[{"embeddable":true,"href":"https:\/\/vis.ba\/en\/wp-json\/wp\/v2\/media\/18206"}],"wp:attachment":[{"href":"https:\/\/vis.ba\/en\/wp-json\/wp\/v2\/media?parent=18207"}],"wp:term":[{"taxonomy":"product_brand","embeddable":true,"href":"https:\/\/vis.ba\/en\/wp-json\/wp\/v2\/product_brand?post=18207"},{"taxonomy":"product_cat","embeddable":true,"href":"https:\/\/vis.ba\/en\/wp-json\/wp\/v2\/product_cat?post=18207"},{"taxonomy":"product_tag","embeddable":true,"href":"https:\/\/vis.ba\/en\/wp-json\/wp\/v2\/product_tag?post=18207"}],"curies":[{"name":"wp","href":"https:\/\/api.w.org\/{rel}","templated":true}]}}